{"id":4015,"date":"2020-01-23T17:57:35","date_gmt":"2020-01-23T17:57:35","guid":{"rendered":"https:\/\/masdelhermitage.fr\/infos-pratiques-modalites\/"},"modified":"2025-10-15T09:14:23","modified_gmt":"2025-10-15T09:14:23","slug":"infos-pratiques-modalites","status":"publish","type":"page","link":"https:\/\/masdelhermitage.fr\/de\/infos-pratiques-modalites\/","title":{"rendered":"Infos pratiques &#8211; modalit\u00e9s"},"content":{"rendered":"\t\t<div data-elementor-type=\"wp-page\" data-elementor-id=\"4015\" class=\"elementor elementor-4015 elementor-2242\">\n\t\t\t\t\t\t<section class=\"elementor-section elementor-top-section elementor-element elementor-element-febbdc8 elementor-section-boxed elementor-section-height-default elementor-section-height-default\" data-id=\"febbdc8\" data-element_type=\"section\">\n\t\t\t\t\t\t<div class=\"elementor-container elementor-column-gap-default\">\n\t\t\t\t\t<div class=\"elementor-column elementor-col-100 elementor-top-column elementor-element elementor-element-304aa38\" data-id=\"304aa38\" data-element_type=\"column\">\n\t\t\t<div class=\"elementor-widget-wrap elementor-element-populated\">\n\t\t\t\t\t\t<div class=\"elementor-element elementor-element-6c4673c elementor-widget elementor-widget-spacer\" data-id=\"6c4673c\" data-element_type=\"widget\" data-widget_type=\"spacer.default\">\n\t\t\t\t<div class=\"elementor-widget-container\">\n\t\t\t\t\t\t\t<div class=\"elementor-spacer\">\n\t\t\t<div class=\"elementor-spacer-inner\"><\/div>\n\t\t<\/div>\n\t\t\t\t\t\t<\/div>\n\t\t\t\t<\/div>\n\t\t\t\t\t<\/div>\n\t\t<\/div>\n\t\t\t\t\t<\/div>\n\t\t<\/section>\n\t\t\t\t<section class=\"elementor-section elementor-top-section elementor-element elementor-element-839660c elementor-section-boxed elementor-section-height-default elementor-section-height-default\" data-id=\"839660c\" data-element_type=\"section\">\n\t\t\t\t\t\t<div class=\"elementor-container elementor-column-gap-default\">\n\t\t\t\t\t<div class=\"elementor-column elementor-col-100 elementor-top-column elementor-element elementor-element-4bf1ddd0\" data-id=\"4bf1ddd0\" data-element_type=\"column\">\n\t\t\t<div class=\"elementor-widget-wrap elementor-element-populated\">\n\t\t\t\t\t\t<div class=\"elementor-element elementor-element-421af2ea elementor-widget elementor-widget-text-editor\" data-id=\"421af2ea\" data-element_type=\"widget\" data-widget_type=\"text-editor.default\">\n\t\t\t\t<div class=\"elementor-widget-container\">\n\t\t\t\t\t\t\t\t\t<h1 style=\"text-align: center;\"><b>Praktische Informationen \u2013 Modalit\u00e4ten<\/b><\/h1><p><strong>Buchung <\/strong><\/p><ul><li style=\"font-weight: 400;\" aria-level=\"1\"><span style=\"font-weight: 400;\">Buchung per E-Mail oder Post, verbunden mit einer <\/span><b>Anzahlung von 30<\/b><b>\u202f<\/b><b>%<\/b><span style=\"font-weight: 400;\">, die nicht erstattbar ist. Zahlungen k\u00f6nnen per Scheck, PayPal, Urlaubsschecks (ACVM), Kreditkarte oder \u00dcberweisung erfolgen.<\/span><\/li><li style=\"font-weight: 400;\" aria-level=\"1\"><span style=\"font-weight: 400;\">Der Restbetrag ist <\/span><b>vier Wochen vor Anreise<\/b><span style=\"font-weight: 400;\"> f\u00e4llig. Bei Buchungen innerhalb von vier Wochen vor Anreise, ist der Gesamtbetrag sofort zu zahlen.<\/span><\/li><\/ul><p>\u00a0<\/p><p><strong>Stornierung<\/strong><\/p><ul><li style=\"font-weight: 400;\" aria-level=\"1\"><span style=\"font-weight: 400;\">Bei Stornierung wird die Anzahlung einbehalten. Im Falle einer vorzeitigen Abreise ist der gesamte Aufenthalt zu bezahlen.<\/span><\/li><li style=\"font-weight: 400;\" aria-level=\"1\"><span style=\"font-weight: 400;\">Wir empfehlen den Abschluss einer <\/span><b>Reiser\u00fccktrittsversicherung<\/b><span style=\"font-weight: 400;\">, da Unvorhergesehenes vorkommen kann.<\/span><\/li><li style=\"font-weight: 400;\" aria-level=\"1\"><b>Bis 45 Tage vor Anreise<\/b><span style=\"font-weight: 400;\"> kann die Anzahlung auf eine neue Buchung \u00fcbertragen werden (G\u00fcltigkeit: 6 Monate f\u00fcr einen gleichwertigen Aufenthalt).<\/span><\/li><li style=\"font-weight: 400;\" aria-level=\"1\"><b>Bei 44 bis 31 Tagen vor Anreise<\/b><span style=\"font-weight: 400;\"> sind 50<\/span><span style=\"font-weight: 400;\">\u202f<\/span><span style=\"font-weight: 400;\">% des Mietbetrags f\u00e4llig.<\/span><\/li><li style=\"font-weight: 400;\" aria-level=\"1\"><b>Bei weniger als 30 Tagen vor Anreise<\/b><span style=\"font-weight: 400;\"> sind 100<\/span><span style=\"font-weight: 400;\">\u202f<\/span><span style=\"font-weight: 400;\">% des Mietbetrags f\u00e4llig.<\/span><\/li><li style=\"font-weight: 400;\" aria-level=\"1\"><span style=\"font-weight: 400;\">Eine Stornierung wird nur wirksam, wenn <\/span><b>LE MAS DE L\u2019HERMITAGE<\/b><span style=\"font-weight: 400;\"> dies schriftlich oder per E-Mail best\u00e4tigt.<\/span><\/li><\/ul><p>\u00a0<\/p><p><b>Belegung &amp; Zugang<\/b><\/p><ul><li style=\"font-weight: 400;\" aria-level=\"1\"><span style=\"font-weight: 400;\">Die Apartments sind f\u00fcr eine bestimmte Personenzahl vorgesehen\u00a0<\/span><\/li><\/ul><p><span style=\"font-weight: 400;\">(4 Personen, au\u00dfer Camargue: 2 Personen).<\/span><\/p><ul><li style=\"font-weight: 400;\" aria-level=\"1\"><span style=\"font-weight: 400;\">Der Zugang zu Pool und Apartements ist <\/span><b>ausschlie\u00dflich registrierten G\u00e4sten<\/b><span style=\"font-weight: 400;\"> gestattet \u2013 sowohl tags\u00fcber als auch nachts.<\/span><\/li><li style=\"font-weight: 400;\" aria-level=\"1\"><span style=\"font-weight: 400;\">Um die Ruhe des Anwesens zu bewahren, beherbergen wir maximal 14 Personen. Ausnahmef\u00e4lle nach Absprache<\/span><\/li><\/ul><p>\u00a0<\/p><p><b>Anreise &amp; Abreise<\/b><\/p><ul><li style=\"font-weight: 400;\" aria-level=\"1\"><span style=\"font-weight: 400;\">Check-in: 17\u201319 Uhr (oder nach Vereinbarung).<\/span><\/li><li style=\"font-weight: 400;\" aria-level=\"1\"><span style=\"font-weight: 400;\">Bitte informieren Sie uns telefonisch bei sp\u00e4terer Ankunft. Vorzeitiges Belegen des Apartements ist nur nach Vereinbarung m\u00f6glich.<\/span><\/li><li style=\"font-weight: 400;\" aria-level=\"1\"><span style=\"font-weight: 400;\">Check-out : sp\u00e4testens 10 Uhr<\/span><\/li><\/ul><p>\u00a0<\/p><p><b>Kaution &amp; Steuern<\/b><\/p><ul><li style=\"font-weight: 400;\" aria-level=\"1\"><span style=\"font-weight: 400;\">Wir bitten darum, bei Ankunft eine Kaution von 200<\/span><span style=\"font-weight: 400;\">\u202f<\/span><span style=\"font-weight: 400;\">\u20ac in bar gegen Quittierung zu hinterlegen. Die R\u00fcckerstattung und R\u00fcckgabe der Quittung erfolgt bei schadensfreiem Aufenthalt.<\/span><\/li><li style=\"font-weight: 400;\" aria-level=\"1\"><span style=\"font-weight: 400;\">Sollten Sch\u00e4den die Kaution \u00fcbersteigen, ist der Mieter verpflichtet, die Mehrkosten &gt; 200 \u20ac zu entrichten <\/span><span style=\"font-weight: 400;\">.<\/span><\/li><li style=\"font-weight: 400;\" aria-level=\"1\"><span style=\"font-weight: 400;\">Die Kurtaxe betr\u00e4gt 1,15<\/span><span style=\"font-weight: 400;\">\u202f<\/span><span style=\"font-weight: 400;\">\u20ac pro Nacht und Person (Stand 2025)<\/span><b><i> <\/i><\/b><\/li><\/ul><p>\u00a0<\/p><p><b>Endreinigung<\/b><b>sgeb\u00fchr<\/b><\/p><table><tbody><tr><td width=\"220\"><strong>Apartement<\/strong><\/td><td width=\"197\"><b>2 N\u00e4chte und mehr<\/b><\/td><td width=\"187\"><b>1 Nacht<\/b><\/td><\/tr><tr><td width=\"220\">Crau<\/td><td width=\"197\">100.-\u20ac<\/td><td width=\"187\">50.-\u20ac<\/td><\/tr><tr><td width=\"220\">Provence<\/td><td width=\"197\">100.-\u20ac<\/td><td width=\"187\">50.-\u20ac<\/td><\/tr><tr><td width=\"220\">Camargue<\/td><td width=\"197\">60.-\u20ac<\/td><td width=\"187\">30.-\u20ac<\/td><\/tr><tr><td width=\"220\">Alpilles<\/td><td width=\"197\">100.-\u20ac<\/td><td width=\"187\">50.-\u20ac<\/td><\/tr><\/tbody><\/table><div class=\"vc_gutenberg wpb_content_element \"><div class=\"wpb_wrapper\"><p>\u00a0<\/p><p><b>Hausregeln<\/b><\/p><ul><li style=\"font-weight: 400;\" aria-level=\"1\"><span style=\"font-weight: 400;\">Innenr\u00e4ume sind <\/span><b>Nichtraucherbereiche<\/b><span style=\"font-weight: 400;\">; geraucht werden darf auf den Terrassen, Aschenbecher sind vorhanden<\/span><\/li><li style=\"font-weight: 400;\" aria-level=\"1\"><span style=\"font-weight: 400;\">Haustiere sind <\/span><b>nicht erlaubt<\/b><span style=\"font-weight: 400;\">, aus R\u00fccksicht auf unsere Tiere, potentiell allergische G\u00e4ste und aus hygienischen Gr\u00fcnden.<\/span><\/li><li style=\"font-weight: 400;\" aria-level=\"1\"><b>Bei Schl\u00fcsselverlust <\/b><span style=\"font-weight: 400;\">\u00a0ist eine Ersatzgeb\u00fchr von 20 \u20ac zu entrichten. <\/span><span style=\"font-weight: 400;\">\u00a0<\/span><\/li><li style=\"font-weight: 400;\" aria-level=\"1\"><span style=\"font-weight: 400;\">Der Internetzugang steht Ihnen kostenlos <\/span><b>f\u00fcr legale Nutzung<\/b><span style=\"font-weight: 400;\"> zur Verf\u00fcgung; illegale Downloads sind nicht gestattet und k\u00f6nnen gemeldet werden.<\/span><\/li><li style=\"font-weight: 400;\" aria-level=\"1\"><span style=\"font-weight: 400;\">Eltern haften f\u00fcr ihre Kinder. Die Kinder m\u00fcssen insbesondere am Pool von den Eltern beaufsichtigt werden.<\/span><\/li><li style=\"font-weight: 400;\" aria-level=\"1\"><span style=\"font-weight: 400;\">Der Pool hat eine Tiefe von 1,40<\/span><span style=\"font-weight: 400;\">\u202f<\/span><span style=\"font-weight: 400;\">m, ein <\/span><b>elektrisches Sicherheitsrollo<\/b><span style=\"font-weight: 400;\"> und\u00a0 keine Barriere; Nichtschwimmer ben\u00f6tigen Schwimmhilfen.<\/span><\/li><\/ul><p>\u00a0<\/p><p><b>Ambiente des Hauses<\/b><\/p><ul><li style=\"font-weight: 400;\" aria-level=\"1\"><b>LE MAS DE L\u2019HERMITAGE<\/b><span style=\"font-weight: 400;\"> ist ein ruhiger, familienfreundlicher Ferienort. Bitte respektieren Sie die friedliche Atmosph\u00e4re.<\/span><\/li><li style=\"font-weight: 400;\" aria-level=\"1\"><span style=\"font-weight: 400;\">F\u00fcr Feiern kann das Anwesen <\/span><b>gesamtheitlich gemietet<\/b><span style=\"font-weight: 400;\"> werden.<\/span><\/li><\/ul><p>\u00a0<\/p><p><b>Serviceleistungen<\/b><\/p><ul><li style=\"font-weight: 400;\" aria-level=\"1\"><span style=\"font-weight: 400;\">kostenloses WLAN<\/span><\/li><li style=\"font-weight: 400;\" aria-level=\"1\"><span style=\"font-weight: 400;\">Komplett ausgestattete K\u00fcchen<\/span><\/li><li style=\"font-weight: 400;\" aria-level=\"1\"><span style=\"font-weight: 400;\">Waschmaschine<\/span><\/li><li style=\"font-weight: 400;\" aria-level=\"1\"><span style=\"font-weight: 400;\">Bettw\u00e4sche und Handt\u00fccher inklusive<\/span><\/li><li style=\"font-weight: 400;\" aria-level=\"1\"><span style=\"font-weight: 400;\">Baby-Set (nach Verf\u00fcgbarkeit und Voranmeldung)<\/span><\/li><li style=\"font-weight: 400;\" aria-level=\"1\"><span style=\"font-weight: 400;\">Kleiner Grill (Reservierung erforderlich. Bitte sauber zur\u00fcckgeben)<\/span><\/li><li style=\"font-weight: 400;\" aria-level=\"1\"><span style=\"font-weight: 400;\">Babysitter-Service (auf Anfrage) <\/span><\/li><li style=\"font-weight: 400;\" aria-level=\"1\"><span style=\"font-weight: 400;\">Shuttle-Service\u00a0 Bahnhof\/Airport \u2013&gt; Mas\u00a0 (<\/span><span style=\"font-weight: 400;\">auf Anfrage)<\/span><\/li><\/ul><\/div><\/div>\t\t\t\t\t\t\t\t<\/div>\n\t\t\t\t<\/div>\n\t\t\t\t\t<\/div>\n\t\t<\/div>\n\t\t\t\t\t<\/div>\n\t\t<\/section>\n\t\t\t\t<section class=\"elementor-section elementor-top-section elementor-element elementor-element-3eb4674 elementor-section-boxed elementor-section-height-default elementor-section-height-default\" data-id=\"3eb4674\" data-element_type=\"section\">\n\t\t\t\t\t\t<div class=\"elementor-container elementor-column-gap-default\">\n\t\t\t\t\t<div class=\"elementor-column elementor-col-100 elementor-top-column elementor-element elementor-element-f3fe7e7\" data-id=\"f3fe7e7\" data-element_type=\"column\">\n\t\t\t<div class=\"elementor-widget-wrap elementor-element-populated\">\n\t\t\t\t\t\t<div class=\"elementor-element elementor-element-53807d3 elementor-widget elementor-widget-spacer\" data-id=\"53807d3\" data-element_type=\"widget\" data-widget_type=\"spacer.default\">\n\t\t\t\t<div class=\"elementor-widget-container\">\n\t\t\t\t\t\t\t<div class=\"elementor-spacer\">\n\t\t\t<div class=\"elementor-spacer-inner\"><\/div>\n\t\t<\/div>\n\t\t\t\t\t\t<\/div>\n\t\t\t\t<\/div>\n\t\t\t\t\t<\/div>\n\t\t<\/div>\n\t\t\t\t\t<\/div>\n\t\t<\/section>\n\t\t\t\t<\/div>\n\t\t","protected":false},"excerpt":{"rendered":"<p>Praktische Informationen \u2013 Modalit\u00e4ten Buchung Buchung per E-Mail oder Post, verbunden mit einer Anzahlung von 30\u202f%, die nicht erstattbar ist. Zahlungen k\u00f6nnen per Scheck, PayPal, Urlaubsschecks (ACVM), Kreditkarte oder \u00dcberweisung erfolgen. Der Restbetrag ist vier Wochen vor Anreise f\u00e4llig. Bei Buchungen innerhalb von vier Wochen vor Anreise, ist der Gesamtbetrag sofort zu zahlen. \u00a0 Stornierung [&hellip;]<\/p>\n","protected":false},"author":4,"featured_media":0,"parent":0,"menu_order":0,"comment_status":"closed","ping_status":"closed","template":"","meta":{"footnotes":""},"class_list":["post-4015","page","type-page","status-publish","hentry"],"yoast_head":"<!-- This site is optimized with the Yoast SEO plugin v25.8 - https:\/\/yoast.com\/wordpress\/plugins\/seo\/ -->\n<title>Infos pratiques - modalit\u00e9s | Mas de l&#039;Hermitage<\/title>\n<meta name=\"description\" content=\"Infos pratiques et modalit\u00e9s : r\u00e9servations, annulations, services et r\u00e8glements pour un s\u00e9jour serein au Mas de l\u2019Hermitage.\" \/>\n<meta name=\"robots\" content=\"index, follow, max-snippet:-1, max-image-preview:large, max-video-preview:-1\" \/>\n<link rel=\"canonical\" href=\"https:\/\/masdelhermitage.fr\/de\/infos-pratiques-modalites\/\" \/>\n<meta property=\"og:locale\" content=\"de_DE\" \/>\n<meta property=\"og:type\" content=\"article\" \/>\n<meta property=\"og:title\" content=\"Infos pratiques - modalit\u00e9s | Mas de l&#039;Hermitage\" \/>\n<meta property=\"og:description\" content=\"Infos pratiques et modalit\u00e9s : r\u00e9servations, annulations, services et r\u00e8glements pour un s\u00e9jour serein au Mas de l\u2019Hermitage.\" \/>\n<meta property=\"og:url\" content=\"https:\/\/masdelhermitage.fr\/de\/infos-pratiques-modalites\/\" \/>\n<meta property=\"og:site_name\" content=\"Mas de l&#039;Hermitage\" \/>\n<meta property=\"article:publisher\" content=\"https:\/\/www.facebook.com\/mashermitage\/\" \/>\n<meta property=\"article:modified_time\" content=\"2025-10-15T09:14:23+00:00\" \/>\n<meta property=\"og:image\" content=\"https:\/\/masdelhermitage.fr\/wp-content\/uploads\/2025\/07\/IMG_1398-1.webp\" \/>\n\t<meta property=\"og:image:width\" content=\"1920\" \/>\n\t<meta property=\"og:image:height\" content=\"1280\" \/>\n\t<meta property=\"og:image:type\" content=\"image\/jpeg\" \/>\n<meta name=\"twitter:card\" content=\"summary_large_image\" \/>\n<meta name=\"twitter:label1\" content=\"Gesch\u00e4tzte Lesezeit\" \/>\n\t<meta name=\"twitter:data1\" content=\"3\u00a0Minuten\" \/>\n<script type=\"application\/ld+json\" class=\"yoast-schema-graph\">{\"@context\":\"https:\/\/schema.org\",\"@graph\":[{\"@type\":\"WebPage\",\"@id\":\"https:\/\/masdelhermitage.fr\/de\/infos-pratiques-modalites\/\",\"url\":\"https:\/\/masdelhermitage.fr\/de\/infos-pratiques-modalites\/\",\"name\":\"Infos pratiques - modalit\u00e9s | Mas de l&#039;Hermitage\",\"isPartOf\":{\"@id\":\"https:\/\/masdelhermitage.fr\/de\/#website\"},\"datePublished\":\"2020-01-23T17:57:35+00:00\",\"dateModified\":\"2025-10-15T09:14:23+00:00\",\"description\":\"Infos pratiques et modalit\u00e9s : r\u00e9servations, annulations, services et r\u00e8glements pour un s\u00e9jour serein au Mas de l\u2019Hermitage.\",\"breadcrumb\":{\"@id\":\"https:\/\/masdelhermitage.fr\/de\/infos-pratiques-modalites\/#breadcrumb\"},\"inLanguage\":\"de\",\"potentialAction\":[{\"@type\":\"ReadAction\",\"target\":[\"https:\/\/masdelhermitage.fr\/de\/infos-pratiques-modalites\/\"]}]},{\"@type\":\"BreadcrumbList\",\"@id\":\"https:\/\/masdelhermitage.fr\/de\/infos-pratiques-modalites\/#breadcrumb\",\"itemListElement\":[{\"@type\":\"ListItem\",\"position\":1,\"name\":\"Accueil\",\"item\":\"https:\/\/masdelhermitage.fr\/de\/\"},{\"@type\":\"ListItem\",\"position\":2,\"name\":\"Infos pratiques &#8211; modalit\u00e9s\"}]},{\"@type\":\"WebSite\",\"@id\":\"https:\/\/masdelhermitage.fr\/de\/#website\",\"url\":\"https:\/\/masdelhermitage.fr\/de\/\",\"name\":\"Mas de l'Hermitage\",\"description\":\"Ferienaufenthalt Bouches-du-Rhone - Arles\",\"publisher\":{\"@id\":\"https:\/\/masdelhermitage.fr\/de\/#organization\"},\"potentialAction\":[{\"@type\":\"SearchAction\",\"target\":{\"@type\":\"EntryPoint\",\"urlTemplate\":\"https:\/\/masdelhermitage.fr\/de\/?s={search_term_string}\"},\"query-input\":{\"@type\":\"PropertyValueSpecification\",\"valueRequired\":true,\"valueName\":\"search_term_string\"}}],\"inLanguage\":\"de\"},{\"@type\":\"Organization\",\"@id\":\"https:\/\/masdelhermitage.fr\/de\/#organization\",\"name\":\"Mas de l'Hermitage\",\"url\":\"https:\/\/masdelhermitage.fr\/de\/\",\"logo\":{\"@type\":\"ImageObject\",\"inLanguage\":\"de\",\"@id\":\"https:\/\/masdelhermitage.fr\/de\/#\/schema\/logo\/image\/\",\"url\":\"https:\/\/masdelhermitage.fr\/wp-content\/uploads\/2016\/04\/cropped-logo_favicon.png\",\"contentUrl\":\"https:\/\/masdelhermitage.fr\/wp-content\/uploads\/2016\/04\/cropped-logo_favicon.png\",\"width\":512,\"height\":512,\"caption\":\"Mas de l'Hermitage\"},\"image\":{\"@id\":\"https:\/\/masdelhermitage.fr\/de\/#\/schema\/logo\/image\/\"},\"sameAs\":[\"https:\/\/www.facebook.com\/mashermitage\/\",\"https:\/\/www.instagram.com\/masdelhermitage?igsh=MXl1YXF3N2ZzNjJ4\"]}]}<\/script>\n<!-- \/ Yoast SEO plugin. -->","yoast_head_json":{"title":"Infos pratiques - modalit\u00e9s | Mas de l&#039;Hermitage","description":"Infos pratiques et modalit\u00e9s : r\u00e9servations, annulations, services et r\u00e8glements pour un s\u00e9jour serein au Mas de l\u2019Hermitage.","robots":{"index":"index","follow":"follow","max-snippet":"max-snippet:-1","max-image-preview":"max-image-preview:large","max-video-preview":"max-video-preview:-1"},"canonical":"https:\/\/masdelhermitage.fr\/de\/infos-pratiques-modalites\/","og_locale":"de_DE","og_type":"article","og_title":"Infos pratiques - modalit\u00e9s | Mas de l&#039;Hermitage","og_description":"Infos pratiques et modalit\u00e9s : r\u00e9servations, annulations, services et r\u00e8glements pour un s\u00e9jour serein au Mas de l\u2019Hermitage.","og_url":"https:\/\/masdelhermitage.fr\/de\/infos-pratiques-modalites\/","og_site_name":"Mas de l&#039;Hermitage","article_publisher":"https:\/\/www.facebook.com\/mashermitage\/","article_modified_time":"2025-10-15T09:14:23+00:00","og_image":[{"width":1920,"height":1280,"url":"https:\/\/masdelhermitage.fr\/wp-content\/uploads\/2025\/07\/IMG_1398-1.webp","type":"image\/jpeg"}],"twitter_card":"summary_large_image","twitter_misc":{"Gesch\u00e4tzte Lesezeit":"3\u00a0Minuten"},"schema":{"@context":"https:\/\/schema.org","@graph":[{"@type":"WebPage","@id":"https:\/\/masdelhermitage.fr\/de\/infos-pratiques-modalites\/","url":"https:\/\/masdelhermitage.fr\/de\/infos-pratiques-modalites\/","name":"Infos pratiques - modalit\u00e9s | Mas de l&#039;Hermitage","isPartOf":{"@id":"https:\/\/masdelhermitage.fr\/de\/#website"},"datePublished":"2020-01-23T17:57:35+00:00","dateModified":"2025-10-15T09:14:23+00:00","description":"Infos pratiques et modalit\u00e9s : r\u00e9servations, annulations, services et r\u00e8glements pour un s\u00e9jour serein au Mas de l\u2019Hermitage.","breadcrumb":{"@id":"https:\/\/masdelhermitage.fr\/de\/infos-pratiques-modalites\/#breadcrumb"},"inLanguage":"de","potentialAction":[{"@type":"ReadAction","target":["https:\/\/masdelhermitage.fr\/de\/infos-pratiques-modalites\/"]}]},{"@type":"BreadcrumbList","@id":"https:\/\/masdelhermitage.fr\/de\/infos-pratiques-modalites\/#breadcrumb","itemListElement":[{"@type":"ListItem","position":1,"name":"Accueil","item":"https:\/\/masdelhermitage.fr\/de\/"},{"@type":"ListItem","position":2,"name":"Infos pratiques &#8211; modalit\u00e9s"}]},{"@type":"WebSite","@id":"https:\/\/masdelhermitage.fr\/de\/#website","url":"https:\/\/masdelhermitage.fr\/de\/","name":"Mas de l'Hermitage","description":"Ferienaufenthalt Bouches-du-Rhone - Arles","publisher":{"@id":"https:\/\/masdelhermitage.fr\/de\/#organization"},"potentialAction":[{"@type":"SearchAction","target":{"@type":"EntryPoint","urlTemplate":"https:\/\/masdelhermitage.fr\/de\/?s={search_term_string}"},"query-input":{"@type":"PropertyValueSpecification","valueRequired":true,"valueName":"search_term_string"}}],"inLanguage":"de"},{"@type":"Organization","@id":"https:\/\/masdelhermitage.fr\/de\/#organization","name":"Mas de l'Hermitage","url":"https:\/\/masdelhermitage.fr\/de\/","logo":{"@type":"ImageObject","inLanguage":"de","@id":"https:\/\/masdelhermitage.fr\/de\/#\/schema\/logo\/image\/","url":"https:\/\/masdelhermitage.fr\/wp-content\/uploads\/2016\/04\/cropped-logo_favicon.png","contentUrl":"https:\/\/masdelhermitage.fr\/wp-content\/uploads\/2016\/04\/cropped-logo_favicon.png","width":512,"height":512,"caption":"Mas de l'Hermitage"},"image":{"@id":"https:\/\/masdelhermitage.fr\/de\/#\/schema\/logo\/image\/"},"sameAs":["https:\/\/www.facebook.com\/mashermitage\/","https:\/\/www.instagram.com\/masdelhermitage?igsh=MXl1YXF3N2ZzNjJ4"]}]}},"_links":{"self":[{"href":"https:\/\/masdelhermitage.fr\/de\/wp-json\/wp\/v2\/pages\/4015","targetHints":{"allow":["GET"]}}],"collection":[{"href":"https:\/\/masdelhermitage.fr\/de\/wp-json\/wp\/v2\/pages"}],"about":[{"href":"https:\/\/masdelhermitage.fr\/de\/wp-json\/wp\/v2\/types\/page"}],"author":[{"embeddable":true,"href":"https:\/\/masdelhermitage.fr\/de\/wp-json\/wp\/v2\/users\/4"}],"replies":[{"embeddable":true,"href":"https:\/\/masdelhermitage.fr\/de\/wp-json\/wp\/v2\/comments?post=4015"}],"version-history":[{"count":12,"href":"https:\/\/masdelhermitage.fr\/de\/wp-json\/wp\/v2\/pages\/4015\/revisions"}],"predecessor-version":[{"id":4519,"href":"https:\/\/masdelhermitage.fr\/de\/wp-json\/wp\/v2\/pages\/4015\/revisions\/4519"}],"wp:attachment":[{"href":"https:\/\/masdelhermitage.fr\/de\/wp-json\/wp\/v2\/media?parent=4015"}],"curies":[{"name":"wp","href":"https:\/\/api.w.org\/{rel}","templated":true}]}}