{"id":4082,"date":"2020-01-23T17:56:44","date_gmt":"2020-01-23T17:56:44","guid":{"rendered":"https:\/\/masdelhermitage.fr\/tarifs\/"},"modified":"2025-10-15T08:56:54","modified_gmt":"2025-10-15T08:56:54","slug":"tarifs","status":"publish","type":"page","link":"https:\/\/masdelhermitage.fr\/de\/tarifs\/","title":{"rendered":"Tarifs"},"content":{"rendered":"\t\t<div data-elementor-type=\"wp-page\" data-elementor-id=\"4082\" class=\"elementor elementor-4082 elementor-2240\">\n\t\t\t\t\t\t<section class=\"elementor-section elementor-top-section elementor-element elementor-element-b3ec4d2 elementor-section-boxed elementor-section-height-default elementor-section-height-default\" data-id=\"b3ec4d2\" data-element_type=\"section\">\n\t\t\t\t\t\t<div class=\"elementor-container elementor-column-gap-default\">\n\t\t\t\t\t<div class=\"elementor-column elementor-col-100 elementor-top-column elementor-element elementor-element-ffbe147\" data-id=\"ffbe147\" data-element_type=\"column\">\n\t\t\t<div class=\"elementor-widget-wrap elementor-element-populated\">\n\t\t\t\t\t\t<div class=\"elementor-element elementor-element-9327340 elementor-widget elementor-widget-spacer\" data-id=\"9327340\" data-element_type=\"widget\" data-widget_type=\"spacer.default\">\n\t\t\t\t<div class=\"elementor-widget-container\">\n\t\t\t\t\t\t\t<div class=\"elementor-spacer\">\n\t\t\t<div class=\"elementor-spacer-inner\"><\/div>\n\t\t<\/div>\n\t\t\t\t\t\t<\/div>\n\t\t\t\t<\/div>\n\t\t\t\t\t<\/div>\n\t\t<\/div>\n\t\t\t\t\t<\/div>\n\t\t<\/section>\n\t\t\t\t<section class=\"elementor-section elementor-top-section elementor-element elementor-element-7208bb25 elementor-section-boxed elementor-section-height-default elementor-section-height-default\" data-id=\"7208bb25\" data-element_type=\"section\">\n\t\t\t\t\t\t<div class=\"elementor-container elementor-column-gap-default\">\n\t\t\t\t\t<div class=\"elementor-column elementor-col-100 elementor-top-column elementor-element elementor-element-1dcbcb64\" data-id=\"1dcbcb64\" data-element_type=\"column\">\n\t\t\t<div class=\"elementor-widget-wrap elementor-element-populated\">\n\t\t\t\t\t\t<div class=\"elementor-element elementor-element-52dcf294 elementor-widget elementor-widget-text-editor\" data-id=\"52dcf294\" data-element_type=\"widget\" data-widget_type=\"text-editor.default\">\n\t\t\t\t<div class=\"elementor-widget-container\">\n\t\t\t\t\t\t\t\t\t<h1 style=\"text-align: center;\"><strong>Unsere Preise<\/strong><\/h1><p><strong>Hier finden Sie unsere Preistabelle f\u00fcr einen einw\u00f6chigen Aufenthalt.<\/strong><\/p><p><strong>Unsere Ferienapartments stehen Ihnen am Anreisetag ab 17 Uhr zur Verf\u00fcgung. Check-out am Abreisetag ist sp\u00e4testens 10 Uhr.<\/strong><\/p>\n<table id=\"tablepress-4\" class=\"tablepress tablepress-id-4\">\n<thead>\n<tr class=\"row-1\">\n\t<th class=\"column-1\">Periode<\/th><th class=\"column-2\">CRAU<br \/>\n2-4 Personen<\/th><th class=\"column-3\">PROVENCE<br \/>\n2-4 Personen<\/th><th class=\"column-4\">CAMARGUE <br \/>\n2 Personen<\/th><th class=\"column-5\">ALPILLES<br \/>\n2-4 Personen<\/th>\n<\/tr>\n<\/thead>\n<tbody class=\"row-striping row-hover\">\n<tr class=\"row-2\">\n\t<td class=\"column-1\">Niedrige Saison<\/td><td class=\"column-2\">1260\u20ac\/ Woche <br \/>\n180\u20ac\/Nacht<br \/>\n<\/td><td class=\"column-3\">1395\u20ac \/Woche<br \/>\n195\u20ac\/Nacht<\/td><td class=\"column-4\">910\u20ac\/ Woche<br \/>\n130\u20ac\/Nacht<\/td><td class=\"column-5\">1330\u20ac\/Woche<br \/>\n190\u20ac\/Nacht<\/td>\n<\/tr>\n<tr class=\"row-3\">\n\t<td class=\"column-1\">Nebensaison<\/td><td class=\"column-2\">1365\u20ac\/Woche<br \/>\n195\u20ac\/Nacht<\/td><td class=\"column-3\">1540\u20ac\/Woche<br \/>\n220\u20ac\/Nacht <br \/>\n<\/td><td class=\"column-4\">980\u20ac\/Woche<br \/>\n140\u20ac\/Nacht<br \/>\n<\/td><td class=\"column-5\">1435\u20ac\/Woche<br \/>\n205\u20ac\/ Nacht<\/td>\n<\/tr>\n<tr class=\"row-4\">\n\t<td class=\"column-1\">Hauptsaison<\/td><td class=\"column-2\">1540\u20ac\/Woche<br \/>\n220\u20ac\/Nacht <br \/>\n<\/td><td class=\"column-3\">1750\u20ac\/Woche<br \/>\n250\u20ac \/Nacht <br \/>\n<\/td><td class=\"column-4\">1120\u20acWoche<br \/>\n160\u20ac\/Nacht<br \/>\n<\/td><td class=\"column-5\">1680\u20ac\/Woche <br \/>\n240\u20ac\/Nacht <br \/>\n<\/td>\n<\/tr>\n<\/tbody>\n<\/table>\n<!-- #tablepress-4 from cache -->\t\t\t\t\t\t\t\t<\/div>\n\t\t\t\t<\/div>\n\t\t\t\t\t<\/div>\n\t\t<\/div>\n\t\t\t\t\t<\/div>\n\t\t<\/section>\n\t\t\t\t<section class=\"elementor-section elementor-top-section elementor-element elementor-element-20d91fb elementor-section-boxed elementor-section-height-default elementor-section-height-default\" data-id=\"20d91fb\" data-element_type=\"section\">\n\t\t\t\t\t\t<div class=\"elementor-container elementor-column-gap-default\">\n\t\t\t\t\t<div class=\"elementor-column elementor-col-50 elementor-top-column elementor-element elementor-element-fd6eaee\" data-id=\"fd6eaee\" data-element_type=\"column\">\n\t\t\t<div class=\"elementor-widget-wrap elementor-element-populated\">\n\t\t\t\t\t\t<div class=\"elementor-element elementor-element-d567280 elementor-widget elementor-widget-text-editor\" data-id=\"d567280\" data-element_type=\"widget\" data-widget_type=\"text-editor.default\">\n\t\t\t\t<div class=\"elementor-widget-container\">\n\t\t\t\t\t\t\t\t\t<p><strong>Niedrige Saison:<\/strong> Januar, Februar, M\u00e4rz, November, Dezember (au\u00dfer Feiertage)<\/p>\n<p><strong>Nebensaison:<\/strong> April, Mai, September, Oktober, Dezember (Feiertage)<\/p>\n<p><strong>Hauptsaison:<\/strong> Juni, Juli, August<\/p>\n<p><strong>Zahlungsarten allgemein:<\/strong> Franz\u00f6sischer Bankcheck, \u201eCh\u00e8ques Vacances\u201c (ANCV), Bank\u00fcberweisung, PayPal (+3%), Kreditkarte oder bar<\/p>\t\t\t\t\t\t\t\t<\/div>\n\t\t\t\t<\/div>\n\t\t\t\t\t<\/div>\n\t\t<\/div>\n\t\t\t\t<div class=\"elementor-column elementor-col-50 elementor-top-column elementor-element elementor-element-fce3373\" data-id=\"fce3373\" data-element_type=\"column\">\n\t\t\t<div class=\"elementor-widget-wrap elementor-element-populated\">\n\t\t\t\t\t\t<div class=\"elementor-element elementor-element-8e6bd3c elementor-widget elementor-widget-text-editor\" data-id=\"8e6bd3c\" data-element_type=\"widget\" data-widget_type=\"text-editor.default\">\n\t\t\t\t<div class=\"elementor-widget-container\">\n\t\t\t\t\t\t\t\t\t<p><strong>Im Preis inbegriffen:<\/strong><\/p><p>\u2022 Stromverbrauch<br \/>\u2022 Bettw\u00e4sche und Handt\u00fccher<\/p><p>\u00a0<\/p><p><strong>Nicht im Preis enthalten:<\/strong><\/p><p>\u2022 Kurtaxe<br \/>\u2022 Endreinigung<br \/>\u2022 Extras<\/p>\t\t\t\t\t\t\t\t<\/div>\n\t\t\t\t<\/div>\n\t\t\t\t\t<\/div>\n\t\t<\/div>\n\t\t\t\t\t<\/div>\n\t\t<\/section>\n\t\t\t\t<section class=\"elementor-section elementor-top-section elementor-element elementor-element-e508a06 elementor-section-boxed elementor-section-height-default elementor-section-height-default\" data-id=\"e508a06\" data-element_type=\"section\">\n\t\t\t\t\t\t<div class=\"elementor-container elementor-column-gap-default\">\n\t\t\t\t\t<div class=\"elementor-column elementor-col-100 elementor-top-column elementor-element elementor-element-3cca8de\" data-id=\"3cca8de\" data-element_type=\"column\">\n\t\t\t<div class=\"elementor-widget-wrap elementor-element-populated\">\n\t\t\t\t\t\t<div class=\"elementor-element elementor-element-46b9f53 elementor-widget elementor-widget-spacer\" data-id=\"46b9f53\" data-element_type=\"widget\" data-widget_type=\"spacer.default\">\n\t\t\t\t<div class=\"elementor-widget-container\">\n\t\t\t\t\t\t\t<div class=\"elementor-spacer\">\n\t\t\t<div class=\"elementor-spacer-inner\"><\/div>\n\t\t<\/div>\n\t\t\t\t\t\t<\/div>\n\t\t\t\t<\/div>\n\t\t\t\t\t<\/div>\n\t\t<\/div>\n\t\t\t\t\t<\/div>\n\t\t<\/section>\n\t\t\t\t<\/div>\n\t\t","protected":false},"excerpt":{"rendered":"<p>Unsere Preise Hier finden Sie unsere Preistabelle f\u00fcr einen einw\u00f6chigen Aufenthalt. Unsere Ferienapartments stehen Ihnen am Anreisetag ab 17 Uhr zur Verf\u00fcgung. Check-out am Abreisetag ist sp\u00e4testens 10 Uhr. Niedrige Saison: Januar, Februar, M\u00e4rz, November, Dezember (au\u00dfer Feiertage) Nebensaison: April, Mai, September, Oktober, Dezember (Feiertage) Hauptsaison: Juni, Juli, August Zahlungsarten allgemein: Franz\u00f6sischer Bankcheck, \u201eCh\u00e8ques Vacances\u201c [&hellip;]<\/p>\n","protected":false},"author":4,"featured_media":0,"parent":0,"menu_order":0,"comment_status":"closed","ping_status":"closed","template":"","meta":{"footnotes":""},"class_list":["post-4082","page","type-page","status-publish","hentry"],"yoast_head":"<!-- This site is optimized with the Yoast SEO plugin v25.8 - https:\/\/yoast.com\/wordpress\/plugins\/seo\/ -->\n<title>Tarifs | Mas de l&#039;Hermitage<\/title>\n<meta name=\"description\" content=\"Unsere PreiseHier finden Sie unsere Preistabelle f\u00fcr einen einw\u00f6chigen Aufenthalt.Unsere Ferienapartments stehen Ihnen am Anreisetag ab 17 Uhr zur\" \/>\n<meta name=\"robots\" content=\"index, follow, max-snippet:-1, max-image-preview:large, max-video-preview:-1\" \/>\n<link rel=\"canonical\" href=\"https:\/\/masdelhermitage.fr\/de\/tarifs\/\" \/>\n<meta property=\"og:locale\" content=\"de_DE\" \/>\n<meta property=\"og:type\" content=\"article\" \/>\n<meta property=\"og:title\" content=\"Tarifs | Mas de l&#039;Hermitage\" \/>\n<meta property=\"og:description\" content=\"Unsere PreiseHier finden Sie unsere Preistabelle f\u00fcr einen einw\u00f6chigen Aufenthalt.Unsere Ferienapartments stehen Ihnen am Anreisetag ab 17 Uhr zur\" \/>\n<meta property=\"og:url\" content=\"https:\/\/masdelhermitage.fr\/de\/tarifs\/\" \/>\n<meta property=\"og:site_name\" content=\"Mas de l&#039;Hermitage\" \/>\n<meta property=\"article:publisher\" content=\"https:\/\/www.facebook.com\/mashermitage\/\" \/>\n<meta property=\"article:modified_time\" content=\"2025-10-15T08:56:54+00:00\" \/>\n<meta property=\"og:image\" content=\"https:\/\/masdelhermitage.fr\/wp-content\/uploads\/2025\/07\/IMG_1398-1.webp\" \/>\n\t<meta property=\"og:image:width\" content=\"1920\" \/>\n\t<meta property=\"og:image:height\" content=\"1280\" \/>\n\t<meta property=\"og:image:type\" content=\"image\/jpeg\" \/>\n<meta name=\"twitter:card\" content=\"summary_large_image\" \/>\n<meta name=\"twitter:label1\" content=\"Gesch\u00e4tzte Lesezeit\" \/>\n\t<meta name=\"twitter:data1\" content=\"1\u00a0Minute\" \/>\n<script type=\"application\/ld+json\" class=\"yoast-schema-graph\">{\"@context\":\"https:\/\/schema.org\",\"@graph\":[{\"@type\":\"WebPage\",\"@id\":\"https:\/\/masdelhermitage.fr\/de\/tarifs\/\",\"url\":\"https:\/\/masdelhermitage.fr\/de\/tarifs\/\",\"name\":\"Tarifs | Mas de l&#039;Hermitage\",\"isPartOf\":{\"@id\":\"https:\/\/masdelhermitage.fr\/de\/#website\"},\"datePublished\":\"2020-01-23T17:56:44+00:00\",\"dateModified\":\"2025-10-15T08:56:54+00:00\",\"description\":\"Unsere PreiseHier finden Sie unsere Preistabelle f\u00fcr einen einw\u00f6chigen Aufenthalt.Unsere Ferienapartments stehen Ihnen am Anreisetag ab 17 Uhr zur\",\"breadcrumb\":{\"@id\":\"https:\/\/masdelhermitage.fr\/de\/tarifs\/#breadcrumb\"},\"inLanguage\":\"de\",\"potentialAction\":[{\"@type\":\"ReadAction\",\"target\":[\"https:\/\/masdelhermitage.fr\/de\/tarifs\/\"]}]},{\"@type\":\"BreadcrumbList\",\"@id\":\"https:\/\/masdelhermitage.fr\/de\/tarifs\/#breadcrumb\",\"itemListElement\":[{\"@type\":\"ListItem\",\"position\":1,\"name\":\"Accueil\",\"item\":\"https:\/\/masdelhermitage.fr\/de\/\"},{\"@type\":\"ListItem\",\"position\":2,\"name\":\"Tarifs\"}]},{\"@type\":\"WebSite\",\"@id\":\"https:\/\/masdelhermitage.fr\/de\/#website\",\"url\":\"https:\/\/masdelhermitage.fr\/de\/\",\"name\":\"Mas de l'Hermitage\",\"description\":\"Ferienaufenthalt Bouches-du-Rhone - Arles\",\"publisher\":{\"@id\":\"https:\/\/masdelhermitage.fr\/de\/#organization\"},\"potentialAction\":[{\"@type\":\"SearchAction\",\"target\":{\"@type\":\"EntryPoint\",\"urlTemplate\":\"https:\/\/masdelhermitage.fr\/de\/?s={search_term_string}\"},\"query-input\":{\"@type\":\"PropertyValueSpecification\",\"valueRequired\":true,\"valueName\":\"search_term_string\"}}],\"inLanguage\":\"de\"},{\"@type\":\"Organization\",\"@id\":\"https:\/\/masdelhermitage.fr\/de\/#organization\",\"name\":\"Mas de l'Hermitage\",\"url\":\"https:\/\/masdelhermitage.fr\/de\/\",\"logo\":{\"@type\":\"ImageObject\",\"inLanguage\":\"de\",\"@id\":\"https:\/\/masdelhermitage.fr\/de\/#\/schema\/logo\/image\/\",\"url\":\"https:\/\/masdelhermitage.fr\/wp-content\/uploads\/2016\/04\/cropped-logo_favicon.png\",\"contentUrl\":\"https:\/\/masdelhermitage.fr\/wp-content\/uploads\/2016\/04\/cropped-logo_favicon.png\",\"width\":512,\"height\":512,\"caption\":\"Mas de l'Hermitage\"},\"image\":{\"@id\":\"https:\/\/masdelhermitage.fr\/de\/#\/schema\/logo\/image\/\"},\"sameAs\":[\"https:\/\/www.facebook.com\/mashermitage\/\",\"https:\/\/www.instagram.com\/masdelhermitage?igsh=MXl1YXF3N2ZzNjJ4\"]}]}<\/script>\n<!-- \/ Yoast SEO plugin. -->","yoast_head_json":{"title":"Tarifs | Mas de l&#039;Hermitage","description":"Unsere PreiseHier finden Sie unsere Preistabelle f\u00fcr einen einw\u00f6chigen Aufenthalt.Unsere Ferienapartments stehen Ihnen am Anreisetag ab 17 Uhr zur","robots":{"index":"index","follow":"follow","max-snippet":"max-snippet:-1","max-image-preview":"max-image-preview:large","max-video-preview":"max-video-preview:-1"},"canonical":"https:\/\/masdelhermitage.fr\/de\/tarifs\/","og_locale":"de_DE","og_type":"article","og_title":"Tarifs | Mas de l&#039;Hermitage","og_description":"Unsere PreiseHier finden Sie unsere Preistabelle f\u00fcr einen einw\u00f6chigen Aufenthalt.Unsere Ferienapartments stehen Ihnen am Anreisetag ab 17 Uhr zur","og_url":"https:\/\/masdelhermitage.fr\/de\/tarifs\/","og_site_name":"Mas de l&#039;Hermitage","article_publisher":"https:\/\/www.facebook.com\/mashermitage\/","article_modified_time":"2025-10-15T08:56:54+00:00","og_image":[{"width":1920,"height":1280,"url":"https:\/\/masdelhermitage.fr\/wp-content\/uploads\/2025\/07\/IMG_1398-1.webp","type":"image\/jpeg"}],"twitter_card":"summary_large_image","twitter_misc":{"Gesch\u00e4tzte Lesezeit":"1\u00a0Minute"},"schema":{"@context":"https:\/\/schema.org","@graph":[{"@type":"WebPage","@id":"https:\/\/masdelhermitage.fr\/de\/tarifs\/","url":"https:\/\/masdelhermitage.fr\/de\/tarifs\/","name":"Tarifs | Mas de l&#039;Hermitage","isPartOf":{"@id":"https:\/\/masdelhermitage.fr\/de\/#website"},"datePublished":"2020-01-23T17:56:44+00:00","dateModified":"2025-10-15T08:56:54+00:00","description":"Unsere PreiseHier finden Sie unsere Preistabelle f\u00fcr einen einw\u00f6chigen Aufenthalt.Unsere Ferienapartments stehen Ihnen am Anreisetag ab 17 Uhr zur","breadcrumb":{"@id":"https:\/\/masdelhermitage.fr\/de\/tarifs\/#breadcrumb"},"inLanguage":"de","potentialAction":[{"@type":"ReadAction","target":["https:\/\/masdelhermitage.fr\/de\/tarifs\/"]}]},{"@type":"BreadcrumbList","@id":"https:\/\/masdelhermitage.fr\/de\/tarifs\/#breadcrumb","itemListElement":[{"@type":"ListItem","position":1,"name":"Accueil","item":"https:\/\/masdelhermitage.fr\/de\/"},{"@type":"ListItem","position":2,"name":"Tarifs"}]},{"@type":"WebSite","@id":"https:\/\/masdelhermitage.fr\/de\/#website","url":"https:\/\/masdelhermitage.fr\/de\/","name":"Mas de l'Hermitage","description":"Ferienaufenthalt Bouches-du-Rhone - Arles","publisher":{"@id":"https:\/\/masdelhermitage.fr\/de\/#organization"},"potentialAction":[{"@type":"SearchAction","target":{"@type":"EntryPoint","urlTemplate":"https:\/\/masdelhermitage.fr\/de\/?s={search_term_string}"},"query-input":{"@type":"PropertyValueSpecification","valueRequired":true,"valueName":"search_term_string"}}],"inLanguage":"de"},{"@type":"Organization","@id":"https:\/\/masdelhermitage.fr\/de\/#organization","name":"Mas de l'Hermitage","url":"https:\/\/masdelhermitage.fr\/de\/","logo":{"@type":"ImageObject","inLanguage":"de","@id":"https:\/\/masdelhermitage.fr\/de\/#\/schema\/logo\/image\/","url":"https:\/\/masdelhermitage.fr\/wp-content\/uploads\/2016\/04\/cropped-logo_favicon.png","contentUrl":"https:\/\/masdelhermitage.fr\/wp-content\/uploads\/2016\/04\/cropped-logo_favicon.png","width":512,"height":512,"caption":"Mas de l'Hermitage"},"image":{"@id":"https:\/\/masdelhermitage.fr\/de\/#\/schema\/logo\/image\/"},"sameAs":["https:\/\/www.facebook.com\/mashermitage\/","https:\/\/www.instagram.com\/masdelhermitage?igsh=MXl1YXF3N2ZzNjJ4"]}]}},"_links":{"self":[{"href":"https:\/\/masdelhermitage.fr\/de\/wp-json\/wp\/v2\/pages\/4082","targetHints":{"allow":["GET"]}}],"collection":[{"href":"https:\/\/masdelhermitage.fr\/de\/wp-json\/wp\/v2\/pages"}],"about":[{"href":"https:\/\/masdelhermitage.fr\/de\/wp-json\/wp\/v2\/types\/page"}],"author":[{"embeddable":true,"href":"https:\/\/masdelhermitage.fr\/de\/wp-json\/wp\/v2\/users\/4"}],"replies":[{"embeddable":true,"href":"https:\/\/masdelhermitage.fr\/de\/wp-json\/wp\/v2\/comments?post=4082"}],"version-history":[{"count":15,"href":"https:\/\/masdelhermitage.fr\/de\/wp-json\/wp\/v2\/pages\/4082\/revisions"}],"predecessor-version":[{"id":4512,"href":"https:\/\/masdelhermitage.fr\/de\/wp-json\/wp\/v2\/pages\/4082\/revisions\/4512"}],"wp:attachment":[{"href":"https:\/\/masdelhermitage.fr\/de\/wp-json\/wp\/v2\/media?parent=4082"}],"curies":[{"name":"wp","href":"https:\/\/api.w.org\/{rel}","templated":true}]}}