{"id":4087,"date":"2020-01-23T17:43:58","date_gmt":"2020-01-23T17:43:58","guid":{"rendered":"https:\/\/masdelhermitage.fr\/les-hotes\/"},"modified":"2025-09-24T11:40:43","modified_gmt":"2025-09-24T11:40:43","slug":"les-hotes","status":"publish","type":"page","link":"https:\/\/masdelhermitage.fr\/de\/les-hotes\/","title":{"rendered":"Les h\u00f4tes"},"content":{"rendered":"\t\t<div data-elementor-type=\"wp-page\" data-elementor-id=\"4087\" class=\"elementor elementor-4087 elementor-2222\">\n\t\t\t\t\t\t<section class=\"elementor-section elementor-top-section elementor-element elementor-element-128cf46 elementor-section-boxed elementor-section-height-default elementor-section-height-default\" data-id=\"128cf46\" data-element_type=\"section\">\n\t\t\t\t\t\t<div class=\"elementor-container elementor-column-gap-default\">\n\t\t\t\t\t<div class=\"elementor-column elementor-col-100 elementor-top-column elementor-element elementor-element-50fb3fe\" data-id=\"50fb3fe\" data-element_type=\"column\">\n\t\t\t<div class=\"elementor-widget-wrap elementor-element-populated\">\n\t\t\t\t\t\t<div class=\"elementor-element elementor-element-ab4f411 elementor-widget elementor-widget-spacer\" data-id=\"ab4f411\" data-element_type=\"widget\" data-widget_type=\"spacer.default\">\n\t\t\t\t<div class=\"elementor-widget-container\">\n\t\t\t\t\t\t\t<div class=\"elementor-spacer\">\n\t\t\t<div class=\"elementor-spacer-inner\"><\/div>\n\t\t<\/div>\n\t\t\t\t\t\t<\/div>\n\t\t\t\t<\/div>\n\t\t\t\t\t<\/div>\n\t\t<\/div>\n\t\t\t\t\t<\/div>\n\t\t<\/section>\n\t\t\t\t<section class=\"elementor-section elementor-top-section elementor-element elementor-element-cb15be3 elementor-section-boxed elementor-section-height-default elementor-section-height-default\" data-id=\"cb15be3\" data-element_type=\"section\">\n\t\t\t\t\t\t<div class=\"elementor-container elementor-column-gap-default\">\n\t\t\t\t\t<div class=\"elementor-column elementor-col-100 elementor-top-column elementor-element elementor-element-839af97\" data-id=\"839af97\" data-element_type=\"column\">\n\t\t\t<div class=\"elementor-widget-wrap elementor-element-populated\">\n\t\t\t\t\t\t<div class=\"elementor-element elementor-element-b09f941 elementor-widget elementor-widget-heading\" data-id=\"b09f941\" data-element_type=\"widget\" data-widget_type=\"heading.default\">\n\t\t\t\t<div class=\"elementor-widget-container\">\n\t\t\t\t\t<h2 class=\"elementor-heading-title elementor-size-default\">Wer wir sind? <\/h2>\t\t\t\t<\/div>\n\t\t\t\t<\/div>\n\t\t\t\t\t<\/div>\n\t\t<\/div>\n\t\t\t\t\t<\/div>\n\t\t<\/section>\n\t\t\t\t<section class=\"elementor-section elementor-top-section elementor-element elementor-element-683f80e elementor-section-boxed elementor-section-height-default elementor-section-height-default\" data-id=\"683f80e\" data-element_type=\"section\">\n\t\t\t\t\t\t<div class=\"elementor-container elementor-column-gap-default\">\n\t\t\t\t\t<div class=\"elementor-column elementor-col-100 elementor-top-column elementor-element elementor-element-2ff6d0c\" data-id=\"2ff6d0c\" data-element_type=\"column\">\n\t\t\t<div class=\"elementor-widget-wrap elementor-element-populated\">\n\t\t\t\t\t\t<div class=\"elementor-element elementor-element-a53793c elementor-widget elementor-widget-spacer\" data-id=\"a53793c\" data-element_type=\"widget\" data-widget_type=\"spacer.default\">\n\t\t\t\t<div class=\"elementor-widget-container\">\n\t\t\t\t\t\t\t<div class=\"elementor-spacer\">\n\t\t\t<div class=\"elementor-spacer-inner\"><\/div>\n\t\t<\/div>\n\t\t\t\t\t\t<\/div>\n\t\t\t\t<\/div>\n\t\t\t\t\t<\/div>\n\t\t<\/div>\n\t\t\t\t\t<\/div>\n\t\t<\/section>\n\t\t\t\t<section class=\"elementor-section elementor-top-section elementor-element elementor-element-4fbe745 elementor-section-boxed elementor-section-height-default elementor-section-height-default\" data-id=\"4fbe745\" data-element_type=\"section\">\n\t\t\t\t\t\t<div class=\"elementor-container elementor-column-gap-default\">\n\t\t\t\t\t<div class=\"elementor-column elementor-col-100 elementor-top-column elementor-element elementor-element-a8518ca\" data-id=\"a8518ca\" data-element_type=\"column\">\n\t\t\t<div class=\"elementor-widget-wrap elementor-element-populated\">\n\t\t\t\t\t\t<div class=\"elementor-element elementor-element-f92bfc8 elementor-widget elementor-widget-image\" data-id=\"f92bfc8\" data-element_type=\"widget\" data-widget_type=\"image.default\">\n\t\t\t\t<div class=\"elementor-widget-container\">\n\t\t\t\t\t\t\t\t\t\t\t\t\t\t\t<img fetchpriority=\"high\" decoding=\"async\" width=\"800\" height=\"600\" src=\"https:\/\/masdelhermitage.fr\/wp-content\/uploads\/2025\/07\/f7bd0faf-58c5-4b2e-88d6-4909553a591f-1024x768.jpeg\" class=\"attachment-large size-large wp-image-4088\" alt=\"\" srcset=\"https:\/\/masdelhermitage.fr\/wp-content\/uploads\/2025\/07\/f7bd0faf-58c5-4b2e-88d6-4909553a591f-1024x768.jpeg 1024w, https:\/\/masdelhermitage.fr\/wp-content\/uploads\/2025\/07\/f7bd0faf-58c5-4b2e-88d6-4909553a591f-600x450.webp 600w, https:\/\/masdelhermitage.fr\/wp-content\/uploads\/2025\/07\/f7bd0faf-58c5-4b2e-88d6-4909553a591f-300x225.jpeg 300w, https:\/\/masdelhermitage.fr\/wp-content\/uploads\/2025\/07\/f7bd0faf-58c5-4b2e-88d6-4909553a591f-768x576.jpeg 768w, https:\/\/masdelhermitage.fr\/wp-content\/uploads\/2025\/07\/f7bd0faf-58c5-4b2e-88d6-4909553a591f-1536x1152.jpeg 1536w, https:\/\/masdelhermitage.fr\/wp-content\/uploads\/2025\/07\/f7bd0faf-58c5-4b2e-88d6-4909553a591f-585x439.jpeg 585w, https:\/\/masdelhermitage.fr\/wp-content\/uploads\/2025\/07\/f7bd0faf-58c5-4b2e-88d6-4909553a591f-1170x878.jpeg 1170w, https:\/\/masdelhermitage.fr\/wp-content\/uploads\/2025\/07\/f7bd0faf-58c5-4b2e-88d6-4909553a591f.webp 1600w\" sizes=\"(max-width: 800px) 100vw, 800px\" \/>\t\t\t\t\t\t\t\t\t\t\t\t\t\t\t<\/div>\n\t\t\t\t<\/div>\n\t\t\t\t\t<\/div>\n\t\t<\/div>\n\t\t\t\t\t<\/div>\n\t\t<\/section>\n\t\t\t\t<section class=\"elementor-section elementor-top-section elementor-element elementor-element-d1e73e8 elementor-section-boxed elementor-section-height-default elementor-section-height-default\" data-id=\"d1e73e8\" data-element_type=\"section\">\n\t\t\t\t\t\t<div class=\"elementor-container elementor-column-gap-default\">\n\t\t\t\t\t<div class=\"elementor-column elementor-col-100 elementor-top-column elementor-element elementor-element-76b3a2e\" data-id=\"76b3a2e\" data-element_type=\"column\">\n\t\t\t<div class=\"elementor-widget-wrap elementor-element-populated\">\n\t\t\t\t\t\t<div class=\"elementor-element elementor-element-f42d14a elementor-widget elementor-widget-spacer\" data-id=\"f42d14a\" data-element_type=\"widget\" data-widget_type=\"spacer.default\">\n\t\t\t\t<div class=\"elementor-widget-container\">\n\t\t\t\t\t\t\t<div class=\"elementor-spacer\">\n\t\t\t<div class=\"elementor-spacer-inner\"><\/div>\n\t\t<\/div>\n\t\t\t\t\t\t<\/div>\n\t\t\t\t<\/div>\n\t\t\t\t\t<\/div>\n\t\t<\/div>\n\t\t\t\t\t<\/div>\n\t\t<\/section>\n\t\t\t\t<section class=\"elementor-section elementor-top-section elementor-element elementor-element-7f452791 elementor-section-boxed elementor-section-height-default elementor-section-height-default\" data-id=\"7f452791\" data-element_type=\"section\">\n\t\t\t\t\t\t<div class=\"elementor-container elementor-column-gap-default\">\n\t\t\t\t\t<div class=\"elementor-column elementor-col-100 elementor-top-column elementor-element elementor-element-1933385e\" data-id=\"1933385e\" data-element_type=\"column\">\n\t\t\t<div class=\"elementor-widget-wrap elementor-element-populated\">\n\t\t\t\t\t\t<div class=\"elementor-element elementor-element-330c24c4 elementor-widget elementor-widget-text-editor\" data-id=\"330c24c4\" data-element_type=\"widget\" data-widget_type=\"text-editor.default\">\n\t\t\t\t<div class=\"elementor-widget-container\">\n\t\t\t\t\t\t\t\t\t<p>Wir sind ein deutsch-franz\u00f6sisches Paar, vereint durch unsere vier Kinder \u2013 eine fr\u00f6hliche Bande bunter Seelen, gepr\u00e4gt von Wohlwollen und Teilen. \u00a0<\/p>\n<p>Eine ganz gew\u00f6hnliche Familie mit dem Wunsch, ein au\u00dfergew\u00f6hnliches Leben zu f\u00fchren.<\/p>\n<p>Unser Traum war, an einem ruhigen Ort zu leben, umgeben von Natur, und das zu tun, was wir lieben:<\/p>\n<p>Willkommen hei\u00dfen, Begegnen, Austauschen, Teilen neuer menschlicher und herzlicher Abenteuer. Genau das hat uns in den S\u00fcden Frankreichs gef\u00fchrt.<\/p>\n<p>Wir haben uns 2016 in dieses wundersch\u00f6ne Landhaus verliebt, welches eine wahre Seele besitzt \u2013 ein Ort, der wei\u00df, wie man Familien, Gruppen oder Freunde vereint.<\/p>\n<p>Unsere Gastfreundschaft kommt von Herzen. Wir h\u00f6ren Ihnen gerne zu und k\u00fcmmern uns f\u00fcrsorglich um Sie und Ihre Belange. Wenn Sie m\u00f6chten, sind wir gerne bereit, Sie dabei zu unterst\u00fctzen, Ihren Aufenthalt zu bereichern.<\/p>\n<p>Z\u00f6gern Sie nicht: Kontaktieren Sie uns, wenn Sie Fragen haben, Anmerkungen machen oder eine Reservierung vornehmen m\u00f6chten. Wir k\u00f6nnen uns mit Ihnen auf Deutsch, Schw\u00e4bisch, Franz\u00f6sisch oder Englisch austauschen.<\/p>\t\t\t\t\t\t\t\t<\/div>\n\t\t\t\t<\/div>\n\t\t\t\t\t<\/div>\n\t\t<\/div>\n\t\t\t\t\t<\/div>\n\t\t<\/section>\n\t\t\t\t<section class=\"elementor-section elementor-top-section elementor-element elementor-element-1bd1f05 elementor-section-boxed elementor-section-height-default elementor-section-height-default\" data-id=\"1bd1f05\" data-element_type=\"section\">\n\t\t\t\t\t\t<div class=\"elementor-container elementor-column-gap-default\">\n\t\t\t\t\t<div class=\"elementor-column elementor-col-100 elementor-top-column elementor-element elementor-element-f18a982\" data-id=\"f18a982\" data-element_type=\"column\">\n\t\t\t<div class=\"elementor-widget-wrap elementor-element-populated\">\n\t\t\t\t\t\t<div class=\"elementor-element elementor-element-325f39b elementor-widget elementor-widget-spacer\" data-id=\"325f39b\" data-element_type=\"widget\" data-widget_type=\"spacer.default\">\n\t\t\t\t<div class=\"elementor-widget-container\">\n\t\t\t\t\t\t\t<div class=\"elementor-spacer\">\n\t\t\t<div class=\"elementor-spacer-inner\"><\/div>\n\t\t<\/div>\n\t\t\t\t\t\t<\/div>\n\t\t\t\t<\/div>\n\t\t\t\t\t<\/div>\n\t\t<\/div>\n\t\t\t\t\t<\/div>\n\t\t<\/section>\n\t\t\t\t<\/div>\n\t\t","protected":false},"excerpt":{"rendered":"<p>Wer wir sind? Wir sind ein deutsch-franz\u00f6sisches Paar, vereint durch unsere vier Kinder \u2013 eine fr\u00f6hliche Bande bunter Seelen, gepr\u00e4gt von Wohlwollen und Teilen. \u00a0 Eine ganz gew\u00f6hnliche Familie mit dem Wunsch, ein au\u00dfergew\u00f6hnliches Leben zu f\u00fchren. Unser Traum war, an einem ruhigen Ort zu leben, umgeben von Natur, und das zu tun, was wir [&hellip;]<\/p>\n","protected":false},"author":4,"featured_media":0,"parent":0,"menu_order":0,"comment_status":"closed","ping_status":"closed","template":"","meta":{"footnotes":""},"class_list":["post-4087","page","type-page","status-publish","hentry"],"yoast_head":"<!-- This site is optimized with the Yoast SEO plugin v25.8 - https:\/\/yoast.com\/wordpress\/plugins\/seo\/ -->\n<title>Les h\u00f4tes | Mas de l&#039;Hermitage<\/title>\n<meta name=\"description\" content=\"D\u00e9couvrez les h\u00f4tes franco-allemands du Mas de l\u2019Hermitage : accueil sinc\u00e8re, partage et bienveillance dans un lieu empreint d\u2019\u00e2me naturelle.\" \/>\n<meta name=\"robots\" content=\"index, follow, max-snippet:-1, max-image-preview:large, max-video-preview:-1\" \/>\n<link rel=\"canonical\" href=\"https:\/\/masdelhermitage.fr\/de\/les-hotes\/\" \/>\n<meta property=\"og:locale\" content=\"de_DE\" \/>\n<meta property=\"og:type\" content=\"article\" \/>\n<meta property=\"og:title\" content=\"Les h\u00f4tes | Mas de l&#039;Hermitage\" \/>\n<meta property=\"og:description\" content=\"D\u00e9couvrez les h\u00f4tes franco-allemands du Mas de l\u2019Hermitage : accueil sinc\u00e8re, partage et bienveillance dans un lieu empreint d\u2019\u00e2me naturelle.\" \/>\n<meta property=\"og:url\" content=\"https:\/\/masdelhermitage.fr\/de\/les-hotes\/\" \/>\n<meta property=\"og:site_name\" content=\"Mas de l&#039;Hermitage\" \/>\n<meta property=\"article:publisher\" content=\"https:\/\/www.facebook.com\/mashermitage\/\" \/>\n<meta property=\"article:modified_time\" content=\"2025-09-24T11:40:43+00:00\" \/>\n<meta property=\"og:image\" content=\"https:\/\/masdelhermitage.fr\/wp-content\/uploads\/2025\/07\/f7bd0faf-58c5-4b2e-88d6-4909553a591f.webp\" \/>\n\t<meta property=\"og:image:width\" content=\"1600\" \/>\n\t<meta property=\"og:image:height\" content=\"1200\" \/>\n\t<meta property=\"og:image:type\" content=\"image\/jpeg\" \/>\n<meta name=\"twitter:card\" content=\"summary_large_image\" \/>\n<meta name=\"twitter:label1\" content=\"Gesch\u00e4tzte Lesezeit\" \/>\n\t<meta name=\"twitter:data1\" content=\"2\u00a0Minuten\" \/>\n<script type=\"application\/ld+json\" class=\"yoast-schema-graph\">{\"@context\":\"https:\/\/schema.org\",\"@graph\":[{\"@type\":\"WebPage\",\"@id\":\"https:\/\/masdelhermitage.fr\/de\/les-hotes\/\",\"url\":\"https:\/\/masdelhermitage.fr\/de\/les-hotes\/\",\"name\":\"Les h\u00f4tes | Mas de l&#039;Hermitage\",\"isPartOf\":{\"@id\":\"https:\/\/masdelhermitage.fr\/de\/#website\"},\"primaryImageOfPage\":{\"@id\":\"https:\/\/masdelhermitage.fr\/de\/les-hotes\/#primaryimage\"},\"image\":{\"@id\":\"https:\/\/masdelhermitage.fr\/de\/les-hotes\/#primaryimage\"},\"thumbnailUrl\":\"https:\/\/masdelhermitage.fr\/wp-content\/uploads\/2025\/07\/f7bd0faf-58c5-4b2e-88d6-4909553a591f-1024x768.jpeg\",\"datePublished\":\"2020-01-23T17:43:58+00:00\",\"dateModified\":\"2025-09-24T11:40:43+00:00\",\"description\":\"D\u00e9couvrez les h\u00f4tes franco-allemands du Mas de l\u2019Hermitage : accueil sinc\u00e8re, partage et bienveillance dans un lieu empreint d\u2019\u00e2me naturelle.\",\"breadcrumb\":{\"@id\":\"https:\/\/masdelhermitage.fr\/de\/les-hotes\/#breadcrumb\"},\"inLanguage\":\"de\",\"potentialAction\":[{\"@type\":\"ReadAction\",\"target\":[\"https:\/\/masdelhermitage.fr\/de\/les-hotes\/\"]}]},{\"@type\":\"ImageObject\",\"inLanguage\":\"de\",\"@id\":\"https:\/\/masdelhermitage.fr\/de\/les-hotes\/#primaryimage\",\"url\":\"https:\/\/masdelhermitage.fr\/wp-content\/uploads\/2025\/07\/f7bd0faf-58c5-4b2e-88d6-4909553a591f-1024x768.jpeg\",\"contentUrl\":\"https:\/\/masdelhermitage.fr\/wp-content\/uploads\/2025\/07\/f7bd0faf-58c5-4b2e-88d6-4909553a591f-1024x768.jpeg\"},{\"@type\":\"BreadcrumbList\",\"@id\":\"https:\/\/masdelhermitage.fr\/de\/les-hotes\/#breadcrumb\",\"itemListElement\":[{\"@type\":\"ListItem\",\"position\":1,\"name\":\"Accueil\",\"item\":\"https:\/\/masdelhermitage.fr\/de\/\"},{\"@type\":\"ListItem\",\"position\":2,\"name\":\"Les h\u00f4tes\"}]},{\"@type\":\"WebSite\",\"@id\":\"https:\/\/masdelhermitage.fr\/de\/#website\",\"url\":\"https:\/\/masdelhermitage.fr\/de\/\",\"name\":\"Mas de l'Hermitage\",\"description\":\"Ferienaufenthalt Bouches-du-Rhone - Arles\",\"publisher\":{\"@id\":\"https:\/\/masdelhermitage.fr\/de\/#organization\"},\"potentialAction\":[{\"@type\":\"SearchAction\",\"target\":{\"@type\":\"EntryPoint\",\"urlTemplate\":\"https:\/\/masdelhermitage.fr\/de\/?s={search_term_string}\"},\"query-input\":{\"@type\":\"PropertyValueSpecification\",\"valueRequired\":true,\"valueName\":\"search_term_string\"}}],\"inLanguage\":\"de\"},{\"@type\":\"Organization\",\"@id\":\"https:\/\/masdelhermitage.fr\/de\/#organization\",\"name\":\"Mas de l'Hermitage\",\"url\":\"https:\/\/masdelhermitage.fr\/de\/\",\"logo\":{\"@type\":\"ImageObject\",\"inLanguage\":\"de\",\"@id\":\"https:\/\/masdelhermitage.fr\/de\/#\/schema\/logo\/image\/\",\"url\":\"https:\/\/masdelhermitage.fr\/wp-content\/uploads\/2016\/04\/cropped-logo_favicon.png\",\"contentUrl\":\"https:\/\/masdelhermitage.fr\/wp-content\/uploads\/2016\/04\/cropped-logo_favicon.png\",\"width\":512,\"height\":512,\"caption\":\"Mas de l'Hermitage\"},\"image\":{\"@id\":\"https:\/\/masdelhermitage.fr\/de\/#\/schema\/logo\/image\/\"},\"sameAs\":[\"https:\/\/www.facebook.com\/mashermitage\/\",\"https:\/\/www.instagram.com\/masdelhermitage?igsh=MXl1YXF3N2ZzNjJ4\"]}]}<\/script>\n<!-- \/ Yoast SEO plugin. -->","yoast_head_json":{"title":"Les h\u00f4tes | Mas de l&#039;Hermitage","description":"D\u00e9couvrez les h\u00f4tes franco-allemands du Mas de l\u2019Hermitage : accueil sinc\u00e8re, partage et bienveillance dans un lieu empreint d\u2019\u00e2me naturelle.","robots":{"index":"index","follow":"follow","max-snippet":"max-snippet:-1","max-image-preview":"max-image-preview:large","max-video-preview":"max-video-preview:-1"},"canonical":"https:\/\/masdelhermitage.fr\/de\/les-hotes\/","og_locale":"de_DE","og_type":"article","og_title":"Les h\u00f4tes | Mas de l&#039;Hermitage","og_description":"D\u00e9couvrez les h\u00f4tes franco-allemands du Mas de l\u2019Hermitage : accueil sinc\u00e8re, partage et bienveillance dans un lieu empreint d\u2019\u00e2me naturelle.","og_url":"https:\/\/masdelhermitage.fr\/de\/les-hotes\/","og_site_name":"Mas de l&#039;Hermitage","article_publisher":"https:\/\/www.facebook.com\/mashermitage\/","article_modified_time":"2025-09-24T11:40:43+00:00","og_image":[{"width":1600,"height":1200,"url":"https:\/\/masdelhermitage.fr\/wp-content\/uploads\/2025\/07\/f7bd0faf-58c5-4b2e-88d6-4909553a591f.webp","type":"image\/jpeg"}],"twitter_card":"summary_large_image","twitter_misc":{"Gesch\u00e4tzte Lesezeit":"2\u00a0Minuten"},"schema":{"@context":"https:\/\/schema.org","@graph":[{"@type":"WebPage","@id":"https:\/\/masdelhermitage.fr\/de\/les-hotes\/","url":"https:\/\/masdelhermitage.fr\/de\/les-hotes\/","name":"Les h\u00f4tes | Mas de l&#039;Hermitage","isPartOf":{"@id":"https:\/\/masdelhermitage.fr\/de\/#website"},"primaryImageOfPage":{"@id":"https:\/\/masdelhermitage.fr\/de\/les-hotes\/#primaryimage"},"image":{"@id":"https:\/\/masdelhermitage.fr\/de\/les-hotes\/#primaryimage"},"thumbnailUrl":"https:\/\/masdelhermitage.fr\/wp-content\/uploads\/2025\/07\/f7bd0faf-58c5-4b2e-88d6-4909553a591f-1024x768.jpeg","datePublished":"2020-01-23T17:43:58+00:00","dateModified":"2025-09-24T11:40:43+00:00","description":"D\u00e9couvrez les h\u00f4tes franco-allemands du Mas de l\u2019Hermitage : accueil sinc\u00e8re, partage et bienveillance dans un lieu empreint d\u2019\u00e2me naturelle.","breadcrumb":{"@id":"https:\/\/masdelhermitage.fr\/de\/les-hotes\/#breadcrumb"},"inLanguage":"de","potentialAction":[{"@type":"ReadAction","target":["https:\/\/masdelhermitage.fr\/de\/les-hotes\/"]}]},{"@type":"ImageObject","inLanguage":"de","@id":"https:\/\/masdelhermitage.fr\/de\/les-hotes\/#primaryimage","url":"https:\/\/masdelhermitage.fr\/wp-content\/uploads\/2025\/07\/f7bd0faf-58c5-4b2e-88d6-4909553a591f-1024x768.jpeg","contentUrl":"https:\/\/masdelhermitage.fr\/wp-content\/uploads\/2025\/07\/f7bd0faf-58c5-4b2e-88d6-4909553a591f-1024x768.jpeg"},{"@type":"BreadcrumbList","@id":"https:\/\/masdelhermitage.fr\/de\/les-hotes\/#breadcrumb","itemListElement":[{"@type":"ListItem","position":1,"name":"Accueil","item":"https:\/\/masdelhermitage.fr\/de\/"},{"@type":"ListItem","position":2,"name":"Les h\u00f4tes"}]},{"@type":"WebSite","@id":"https:\/\/masdelhermitage.fr\/de\/#website","url":"https:\/\/masdelhermitage.fr\/de\/","name":"Mas de l'Hermitage","description":"Ferienaufenthalt Bouches-du-Rhone - Arles","publisher":{"@id":"https:\/\/masdelhermitage.fr\/de\/#organization"},"potentialAction":[{"@type":"SearchAction","target":{"@type":"EntryPoint","urlTemplate":"https:\/\/masdelhermitage.fr\/de\/?s={search_term_string}"},"query-input":{"@type":"PropertyValueSpecification","valueRequired":true,"valueName":"search_term_string"}}],"inLanguage":"de"},{"@type":"Organization","@id":"https:\/\/masdelhermitage.fr\/de\/#organization","name":"Mas de l'Hermitage","url":"https:\/\/masdelhermitage.fr\/de\/","logo":{"@type":"ImageObject","inLanguage":"de","@id":"https:\/\/masdelhermitage.fr\/de\/#\/schema\/logo\/image\/","url":"https:\/\/masdelhermitage.fr\/wp-content\/uploads\/2016\/04\/cropped-logo_favicon.png","contentUrl":"https:\/\/masdelhermitage.fr\/wp-content\/uploads\/2016\/04\/cropped-logo_favicon.png","width":512,"height":512,"caption":"Mas de l'Hermitage"},"image":{"@id":"https:\/\/masdelhermitage.fr\/de\/#\/schema\/logo\/image\/"},"sameAs":["https:\/\/www.facebook.com\/mashermitage\/","https:\/\/www.instagram.com\/masdelhermitage?igsh=MXl1YXF3N2ZzNjJ4"]}]}},"_links":{"self":[{"href":"https:\/\/masdelhermitage.fr\/de\/wp-json\/wp\/v2\/pages\/4087","targetHints":{"allow":["GET"]}}],"collection":[{"href":"https:\/\/masdelhermitage.fr\/de\/wp-json\/wp\/v2\/pages"}],"about":[{"href":"https:\/\/masdelhermitage.fr\/de\/wp-json\/wp\/v2\/types\/page"}],"author":[{"embeddable":true,"href":"https:\/\/masdelhermitage.fr\/de\/wp-json\/wp\/v2\/users\/4"}],"replies":[{"embeddable":true,"href":"https:\/\/masdelhermitage.fr\/de\/wp-json\/wp\/v2\/comments?post=4087"}],"version-history":[{"count":4,"href":"https:\/\/masdelhermitage.fr\/de\/wp-json\/wp\/v2\/pages\/4087\/revisions"}],"predecessor-version":[{"id":4092,"href":"https:\/\/masdelhermitage.fr\/de\/wp-json\/wp\/v2\/pages\/4087\/revisions\/4092"}],"wp:attachment":[{"href":"https:\/\/masdelhermitage.fr\/de\/wp-json\/wp\/v2\/media?parent=4087"}],"curies":[{"name":"wp","href":"https:\/\/api.w.org\/{rel}","templated":true}]}}