{"id":4101,"date":"2020-01-23T18:06:58","date_gmt":"2020-01-23T18:06:58","guid":{"rendered":"https:\/\/masdelhermitage.fr\/contact\/"},"modified":"2025-10-28T11:46:03","modified_gmt":"2025-10-28T11:46:03","slug":"contact","status":"publish","type":"page","link":"https:\/\/masdelhermitage.fr\/de\/contact\/","title":{"rendered":"Contact"},"content":{"rendered":"\t\t<div data-elementor-type=\"wp-page\" data-elementor-id=\"4101\" class=\"elementor elementor-4101 elementor-2250\">\n\t\t\t\t\t\t<section class=\"elementor-section elementor-top-section elementor-element elementor-element-974da45 elementor-section-boxed elementor-section-height-default elementor-section-height-default\" data-id=\"974da45\" data-element_type=\"section\">\n\t\t\t\t\t\t<div class=\"elementor-container elementor-column-gap-default\">\n\t\t\t\t\t<div class=\"elementor-column elementor-col-100 elementor-top-column elementor-element elementor-element-30dbe7e\" data-id=\"30dbe7e\" data-element_type=\"column\">\n\t\t\t<div class=\"elementor-widget-wrap elementor-element-populated\">\n\t\t\t\t\t\t<div class=\"elementor-element elementor-element-04b86a5 elementor-widget elementor-widget-spacer\" data-id=\"04b86a5\" data-element_type=\"widget\" data-widget_type=\"spacer.default\">\n\t\t\t\t<div class=\"elementor-widget-container\">\n\t\t\t\t\t\t\t<div class=\"elementor-spacer\">\n\t\t\t<div class=\"elementor-spacer-inner\"><\/div>\n\t\t<\/div>\n\t\t\t\t\t\t<\/div>\n\t\t\t\t<\/div>\n\t\t\t\t\t<\/div>\n\t\t<\/div>\n\t\t\t\t\t<\/div>\n\t\t<\/section>\n\t\t\t\t<section class=\"elementor-section elementor-top-section elementor-element elementor-element-8bf3ea3 elementor-section-boxed elementor-section-height-default elementor-section-height-default\" data-id=\"8bf3ea3\" data-element_type=\"section\">\n\t\t\t\t\t\t<div class=\"elementor-container elementor-column-gap-default\">\n\t\t\t\t\t<div class=\"elementor-column elementor-col-100 elementor-top-column elementor-element elementor-element-c009841\" data-id=\"c009841\" data-element_type=\"column\">\n\t\t\t<div class=\"elementor-widget-wrap elementor-element-populated\">\n\t\t\t\t\t\t<div class=\"elementor-element elementor-element-066d66f elementor-widget elementor-widget-heading\" data-id=\"066d66f\" data-element_type=\"widget\" data-widget_type=\"heading.default\">\n\t\t\t\t<div class=\"elementor-widget-container\">\n\t\t\t\t\t<h2 class=\"elementor-heading-title elementor-size-default\"><h2>Kontakt <span style=\"color: inherit\"><\/span><\/h2><\/h2>\t\t\t\t<\/div>\n\t\t\t\t<\/div>\n\t\t\t\t\t<\/div>\n\t\t<\/div>\n\t\t\t\t\t<\/div>\n\t\t<\/section>\n\t\t\t\t<section class=\"elementor-section elementor-top-section elementor-element elementor-element-b733856 elementor-section-boxed elementor-section-height-default elementor-section-height-default\" data-id=\"b733856\" data-element_type=\"section\">\n\t\t\t\t\t\t<div class=\"elementor-container elementor-column-gap-default\">\n\t\t\t\t\t<div class=\"elementor-column elementor-col-100 elementor-top-column elementor-element elementor-element-caacbd4\" data-id=\"caacbd4\" data-element_type=\"column\">\n\t\t\t<div class=\"elementor-widget-wrap elementor-element-populated\">\n\t\t\t\t\t\t<div class=\"elementor-element elementor-element-e63a973 elementor-widget elementor-widget-spacer\" data-id=\"e63a973\" data-element_type=\"widget\" data-widget_type=\"spacer.default\">\n\t\t\t\t<div class=\"elementor-widget-container\">\n\t\t\t\t\t\t\t<div class=\"elementor-spacer\">\n\t\t\t<div class=\"elementor-spacer-inner\"><\/div>\n\t\t<\/div>\n\t\t\t\t\t\t<\/div>\n\t\t\t\t<\/div>\n\t\t\t\t\t<\/div>\n\t\t<\/div>\n\t\t\t\t\t<\/div>\n\t\t<\/section>\n\t\t\t\t<section class=\"elementor-section elementor-top-section elementor-element elementor-element-f532758 elementor-reverse-mobile elementor-section-boxed elementor-section-height-default elementor-section-height-default\" data-id=\"f532758\" data-element_type=\"section\">\n\t\t\t\t\t\t<div class=\"elementor-container elementor-column-gap-default\">\n\t\t\t\t\t<div class=\"elementor-column elementor-col-50 elementor-top-column elementor-element elementor-element-961993f\" data-id=\"961993f\" data-element_type=\"column\">\n\t\t\t<div class=\"elementor-widget-wrap elementor-element-populated\">\n\t\t\t\t\t\t<div class=\"elementor-element elementor-element-52de71b5 elementor-widget elementor-widget-text-editor\" data-id=\"52de71b5\" data-element_type=\"widget\" data-widget_type=\"text-editor.default\">\n\t\t\t\t<div class=\"elementor-widget-container\">\n\t\t\t\t\t\t\t\t\t<p>F\u00fcr alle Anfragen oder Reservierungen verwenden Sie bitte dieses Formular<\/p>\n<div class=\"wpcf7 no-js\" id=\"wpcf7-f4317-o1\" lang=\"fr-FR\" dir=\"ltr\" data-wpcf7-id=\"4317\">\n<div class=\"screen-reader-response\"><p role=\"status\" aria-live=\"polite\" aria-atomic=\"true\"><\/p> <ul><\/ul><\/div>\n<form action=\"\/de\/wp-json\/wp\/v2\/pages\/4101#wpcf7-f4317-o1\" method=\"post\" class=\"wpcf7-form init\" aria-label=\"Formulaire de contact\" novalidate=\"novalidate\" data-status=\"init\">\n<fieldset class=\"hidden-fields-container\"><input type=\"hidden\" name=\"_wpcf7\" value=\"4317\" \/><input type=\"hidden\" name=\"_wpcf7_version\" value=\"6.1.1\" \/><input type=\"hidden\" name=\"_wpcf7_locale\" value=\"fr_FR\" \/><input type=\"hidden\" name=\"_wpcf7_unit_tag\" value=\"wpcf7-f4317-o1\" \/><input type=\"hidden\" name=\"_wpcf7_container_post\" value=\"0\" \/><input type=\"hidden\" name=\"_wpcf7_posted_data_hash\" value=\"\" \/>\n<\/fieldset>\n<p><label> Name (erforderlich)<br \/>\n<span class=\"wpcf7-form-control-wrap\" data-name=\"your-name\"><input size=\"40\" maxlength=\"400\" class=\"wpcf7-form-control wpcf7-text wpcf7-validates-as-required\" aria-required=\"true\" aria-invalid=\"false\" value=\"\" type=\"text\" name=\"your-name\" \/><\/span> <\/label>\n<\/p>\n<p><label> E-Mail (erforderlich)<br \/>\n<span class=\"wpcf7-form-control-wrap\" data-name=\"your-email\"><input size=\"40\" maxlength=\"400\" class=\"wpcf7-form-control wpcf7-email wpcf7-validates-as-required wpcf7-text wpcf7-validates-as-email\" aria-required=\"true\" aria-invalid=\"false\" value=\"\" type=\"email\" name=\"your-email\" \/><\/span> <\/label>\n<\/p>\n<p><label> Betreff<br \/>\n<span class=\"wpcf7-form-control-wrap\" data-name=\"your-subject\"><input size=\"40\" maxlength=\"400\" class=\"wpcf7-form-control wpcf7-text\" aria-invalid=\"false\" value=\"\" type=\"text\" name=\"your-subject\" \/><\/span> <\/label>\n<\/p>\n<p><label> Ihre Nachricht<br \/>\n<span class=\"wpcf7-form-control-wrap\" data-name=\"your-message\"><textarea cols=\"40\" rows=\"10\" maxlength=\"2000\" class=\"wpcf7-form-control wpcf7-textarea\" aria-invalid=\"false\" name=\"your-message\"><\/textarea><\/span> <\/label>\n<\/p>\n<p><input class=\"wpcf7-form-control wpcf7-submit has-spinner\" type=\"submit\" value=\"Senden\" \/>\n<\/p><p style=\"display: none !important;\" class=\"akismet-fields-container\" data-prefix=\"_wpcf7_ak_\"><label>&#916;<textarea name=\"_wpcf7_ak_hp_textarea\" cols=\"45\" rows=\"8\" maxlength=\"100\"><\/textarea><\/label><input type=\"hidden\" id=\"ak_js_1\" name=\"_wpcf7_ak_js\" value=\"154\"\/><script>document.getElementById( \"ak_js_1\" ).setAttribute( \"value\", ( new Date() ).getTime() );<\/script><\/p><div class=\"wpcf7-response-output\" aria-hidden=\"true\"><\/div>\n<\/form>\n<\/div>\n\t\t\t\t\t\t\t\t<\/div>\n\t\t\t\t<\/div>\n\t\t\t\t\t<\/div>\n\t\t<\/div>\n\t\t\t\t<div class=\"elementor-column elementor-col-50 elementor-top-column elementor-element elementor-element-c8507e1\" data-id=\"c8507e1\" data-element_type=\"column\">\n\t\t\t<div class=\"elementor-widget-wrap elementor-element-populated\">\n\t\t\t\t\t\t<div class=\"elementor-element elementor-element-eaf701f elementor-widget elementor-widget-text-editor\" data-id=\"eaf701f\" data-element_type=\"widget\" data-widget_type=\"text-editor.default\">\n\t\t\t\t<div class=\"elementor-widget-container\">\n\t\t\t\t\t\t\t\t\t<h5><strong>Mas de l\u2019Hermitage<\/strong><\/h5>\t\t\t\t\t\t\t\t<\/div>\n\t\t\t\t<\/div>\n\t\t\t\t<div class=\"elementor-element elementor-element-556e9e6 elementor-widget elementor-widget-text-editor\" data-id=\"556e9e6\" data-element_type=\"widget\" data-widget_type=\"text-editor.default\">\n\t\t\t\t<div class=\"elementor-widget-container\">\n\t\t\t\t\t\t\t\t\t<p><span style=\"font-size: 1rem;\">534 chemin de Saint Virgile<\/span><\/p><p>13280 Arles<\/p><p>Tel : 07 68 92 87 21<\/p><p>E-Mail : contact@masdelhermitage.fr<\/p>\t\t\t\t\t\t\t\t<\/div>\n\t\t\t\t<\/div>\n\t\t\t\t<div class=\"elementor-element elementor-element-37d4c0f elementor-shape-circle e-grid-align-left elementor-grid-0 elementor-widget elementor-widget-social-icons\" data-id=\"37d4c0f\" data-element_type=\"widget\" data-widget_type=\"social-icons.default\">\n\t\t\t\t<div class=\"elementor-widget-container\">\n\t\t\t\t\t\t\t<div class=\"elementor-social-icons-wrapper elementor-grid\" role=\"list\">\n\t\t\t\t\t\t\t<span class=\"elementor-grid-item\" role=\"listitem\">\n\t\t\t\t\t<a class=\"elementor-icon elementor-social-icon elementor-social-icon-facebook-f elementor-repeater-item-68217ed\" href=\"https:\/\/www.facebook.com\/mashermitage\/\" target=\"_blank\">\n\t\t\t\t\t\t<span class=\"elementor-screen-only\">Facebook-f<\/span>\n\t\t\t\t\t\t<i class=\"fab fa-facebook-f\"><\/i>\t\t\t\t\t<\/a>\n\t\t\t\t<\/span>\n\t\t\t\t\t\t\t<span class=\"elementor-grid-item\" role=\"listitem\">\n\t\t\t\t\t<a class=\"elementor-icon elementor-social-icon elementor-social-icon-instagram elementor-repeater-item-c82d952\" href=\"https:\/\/www.instagram.com\/masdelhermitage?utm_source=ig_web_button_share_sheet&#038;igsh=ZDNlZDc0MzIxNw==\" target=\"_blank\">\n\t\t\t\t\t\t<span class=\"elementor-screen-only\">Instagram<\/span>\n\t\t\t\t\t\t<i class=\"fab fa-instagram\"><\/i>\t\t\t\t\t<\/a>\n\t\t\t\t<\/span>\n\t\t\t\t\t<\/div>\n\t\t\t\t\t\t<\/div>\n\t\t\t\t<\/div>\n\t\t\t\t<div class=\"elementor-element elementor-element-98425fd elementor-widget elementor-widget-google_maps\" data-id=\"98425fd\" data-element_type=\"widget\" data-widget_type=\"google_maps.default\">\n\t\t\t\t<div class=\"elementor-widget-container\">\n\t\t\t\t\t\t\t<div class=\"elementor-custom-embed\">\n\t\t\t<iframe loading=\"lazy\"\n\t\t\t\t\tsrc=\"https:\/\/maps.google.com\/maps?q=Mas%20de%20l%27Hermitage&#038;t=m&#038;z=10&#038;output=embed&#038;iwloc=near\"\n\t\t\t\t\ttitle=\"Mas de l&#039;Hermitage\"\n\t\t\t\t\taria-label=\"Mas de l&#039;Hermitage\"\n\t\t\t><\/iframe>\n\t\t<\/div>\n\t\t\t\t\t\t<\/div>\n\t\t\t\t<\/div>\n\t\t\t\t\t<\/div>\n\t\t<\/div>\n\t\t\t\t\t<\/div>\n\t\t<\/section>\n\t\t\t\t<section class=\"elementor-section elementor-top-section elementor-element elementor-element-5158e3f elementor-section-boxed elementor-section-height-default elementor-section-height-default\" data-id=\"5158e3f\" data-element_type=\"section\">\n\t\t\t\t\t\t<div class=\"elementor-container elementor-column-gap-default\">\n\t\t\t\t\t<div class=\"elementor-column elementor-col-100 elementor-top-column elementor-element elementor-element-a5e2dcb\" data-id=\"a5e2dcb\" data-element_type=\"column\">\n\t\t\t<div class=\"elementor-widget-wrap elementor-element-populated\">\n\t\t\t\t\t\t<div class=\"elementor-element elementor-element-68bc4f3 elementor-widget elementor-widget-spacer\" data-id=\"68bc4f3\" data-element_type=\"widget\" data-widget_type=\"spacer.default\">\n\t\t\t\t<div class=\"elementor-widget-container\">\n\t\t\t\t\t\t\t<div class=\"elementor-spacer\">\n\t\t\t<div class=\"elementor-spacer-inner\"><\/div>\n\t\t<\/div>\n\t\t\t\t\t\t<\/div>\n\t\t\t\t<\/div>\n\t\t\t\t\t<\/div>\n\t\t<\/div>\n\t\t\t\t\t<\/div>\n\t\t<\/section>\n\t\t\t\t<\/div>\n\t\t","protected":false},"excerpt":{"rendered":"<p>Kontakt F\u00fcr alle Anfragen oder Reservierungen verwenden Sie bitte dieses Formular Mas de l\u2019Hermitage 534 chemin de Saint Virgile 13280 Arles Tel : 07 68 92 87 21 E-Mail : contact@masdelhermitage.fr Facebook-f Instagram<\/p>\n","protected":false},"author":4,"featured_media":0,"parent":0,"menu_order":0,"comment_status":"closed","ping_status":"closed","template":"","meta":{"footnotes":""},"class_list":["post-4101","page","type-page","status-publish","hentry"],"yoast_head":"<!-- This site is optimized with the Yoast SEO plugin v25.8 - https:\/\/yoast.com\/wordpress\/plugins\/seo\/ -->\n<title>Contact | Mas de l&#039;Hermitage<\/title>\n<meta name=\"description\" content=\"Contactez le Mas de l\u2019Hermitage \u00e0 Arles pour toute demande ou r\u00e9servation. \u00c9crivez-nous ou appelez-nous, nous serons ravis de vous r\u00e9pondre.\" \/>\n<meta name=\"robots\" content=\"index, follow, max-snippet:-1, max-image-preview:large, max-video-preview:-1\" \/>\n<link rel=\"canonical\" href=\"https:\/\/masdelhermitage.fr\/de\/contact\/\" \/>\n<meta property=\"og:locale\" content=\"de_DE\" \/>\n<meta property=\"og:type\" content=\"article\" \/>\n<meta property=\"og:title\" content=\"Contact | Mas de l&#039;Hermitage\" \/>\n<meta property=\"og:description\" content=\"Contactez le Mas de l\u2019Hermitage \u00e0 Arles pour toute demande ou r\u00e9servation. \u00c9crivez-nous ou appelez-nous, nous serons ravis de vous r\u00e9pondre.\" \/>\n<meta property=\"og:url\" content=\"https:\/\/masdelhermitage.fr\/de\/contact\/\" \/>\n<meta property=\"og:site_name\" content=\"Mas de l&#039;Hermitage\" \/>\n<meta property=\"article:publisher\" content=\"https:\/\/www.facebook.com\/mashermitage\/\" \/>\n<meta property=\"article:modified_time\" content=\"2025-10-28T11:46:03+00:00\" \/>\n<meta property=\"og:image\" content=\"https:\/\/masdelhermitage.fr\/wp-content\/uploads\/2025\/07\/IMG_1398-1.webp\" \/>\n\t<meta property=\"og:image:width\" content=\"1920\" \/>\n\t<meta property=\"og:image:height\" content=\"1280\" \/>\n\t<meta property=\"og:image:type\" content=\"image\/jpeg\" \/>\n<meta name=\"twitter:card\" content=\"summary_large_image\" \/>\n<meta name=\"twitter:label1\" content=\"Gesch\u00e4tzte Lesezeit\" \/>\n\t<meta name=\"twitter:data1\" content=\"1\u00a0Minute\" \/>\n<script type=\"application\/ld+json\" class=\"yoast-schema-graph\">{\"@context\":\"https:\/\/schema.org\",\"@graph\":[{\"@type\":\"WebPage\",\"@id\":\"https:\/\/masdelhermitage.fr\/de\/contact\/\",\"url\":\"https:\/\/masdelhermitage.fr\/de\/contact\/\",\"name\":\"Contact | Mas de l&#039;Hermitage\",\"isPartOf\":{\"@id\":\"https:\/\/masdelhermitage.fr\/de\/#website\"},\"datePublished\":\"2020-01-23T18:06:58+00:00\",\"dateModified\":\"2025-10-28T11:46:03+00:00\",\"description\":\"Contactez le Mas de l\u2019Hermitage \u00e0 Arles pour toute demande ou r\u00e9servation. \u00c9crivez-nous ou appelez-nous, nous serons ravis de vous r\u00e9pondre.\",\"breadcrumb\":{\"@id\":\"https:\/\/masdelhermitage.fr\/de\/contact\/#breadcrumb\"},\"inLanguage\":\"de\",\"potentialAction\":[{\"@type\":\"ReadAction\",\"target\":[\"https:\/\/masdelhermitage.fr\/de\/contact\/\"]}]},{\"@type\":\"BreadcrumbList\",\"@id\":\"https:\/\/masdelhermitage.fr\/de\/contact\/#breadcrumb\",\"itemListElement\":[{\"@type\":\"ListItem\",\"position\":1,\"name\":\"Accueil\",\"item\":\"https:\/\/masdelhermitage.fr\/de\/\"},{\"@type\":\"ListItem\",\"position\":2,\"name\":\"Contact\"}]},{\"@type\":\"WebSite\",\"@id\":\"https:\/\/masdelhermitage.fr\/de\/#website\",\"url\":\"https:\/\/masdelhermitage.fr\/de\/\",\"name\":\"Mas de l'Hermitage\",\"description\":\"Ferienaufenthalt Bouches-du-Rhone - Arles\",\"publisher\":{\"@id\":\"https:\/\/masdelhermitage.fr\/de\/#organization\"},\"potentialAction\":[{\"@type\":\"SearchAction\",\"target\":{\"@type\":\"EntryPoint\",\"urlTemplate\":\"https:\/\/masdelhermitage.fr\/de\/?s={search_term_string}\"},\"query-input\":{\"@type\":\"PropertyValueSpecification\",\"valueRequired\":true,\"valueName\":\"search_term_string\"}}],\"inLanguage\":\"de\"},{\"@type\":\"Organization\",\"@id\":\"https:\/\/masdelhermitage.fr\/de\/#organization\",\"name\":\"Mas de l'Hermitage\",\"url\":\"https:\/\/masdelhermitage.fr\/de\/\",\"logo\":{\"@type\":\"ImageObject\",\"inLanguage\":\"de\",\"@id\":\"https:\/\/masdelhermitage.fr\/de\/#\/schema\/logo\/image\/\",\"url\":\"https:\/\/masdelhermitage.fr\/wp-content\/uploads\/2016\/04\/cropped-logo_favicon.png\",\"contentUrl\":\"https:\/\/masdelhermitage.fr\/wp-content\/uploads\/2016\/04\/cropped-logo_favicon.png\",\"width\":512,\"height\":512,\"caption\":\"Mas de l'Hermitage\"},\"image\":{\"@id\":\"https:\/\/masdelhermitage.fr\/de\/#\/schema\/logo\/image\/\"},\"sameAs\":[\"https:\/\/www.facebook.com\/mashermitage\/\",\"https:\/\/www.instagram.com\/masdelhermitage?igsh=MXl1YXF3N2ZzNjJ4\"]}]}<\/script>\n<!-- \/ Yoast SEO plugin. -->","yoast_head_json":{"title":"Contact | Mas de l&#039;Hermitage","description":"Contactez le Mas de l\u2019Hermitage \u00e0 Arles pour toute demande ou r\u00e9servation. \u00c9crivez-nous ou appelez-nous, nous serons ravis de vous r\u00e9pondre.","robots":{"index":"index","follow":"follow","max-snippet":"max-snippet:-1","max-image-preview":"max-image-preview:large","max-video-preview":"max-video-preview:-1"},"canonical":"https:\/\/masdelhermitage.fr\/de\/contact\/","og_locale":"de_DE","og_type":"article","og_title":"Contact | Mas de l&#039;Hermitage","og_description":"Contactez le Mas de l\u2019Hermitage \u00e0 Arles pour toute demande ou r\u00e9servation. \u00c9crivez-nous ou appelez-nous, nous serons ravis de vous r\u00e9pondre.","og_url":"https:\/\/masdelhermitage.fr\/de\/contact\/","og_site_name":"Mas de l&#039;Hermitage","article_publisher":"https:\/\/www.facebook.com\/mashermitage\/","article_modified_time":"2025-10-28T11:46:03+00:00","og_image":[{"width":1920,"height":1280,"url":"https:\/\/masdelhermitage.fr\/wp-content\/uploads\/2025\/07\/IMG_1398-1.webp","type":"image\/jpeg"}],"twitter_card":"summary_large_image","twitter_misc":{"Gesch\u00e4tzte Lesezeit":"1\u00a0Minute"},"schema":{"@context":"https:\/\/schema.org","@graph":[{"@type":"WebPage","@id":"https:\/\/masdelhermitage.fr\/de\/contact\/","url":"https:\/\/masdelhermitage.fr\/de\/contact\/","name":"Contact | Mas de l&#039;Hermitage","isPartOf":{"@id":"https:\/\/masdelhermitage.fr\/de\/#website"},"datePublished":"2020-01-23T18:06:58+00:00","dateModified":"2025-10-28T11:46:03+00:00","description":"Contactez le Mas de l\u2019Hermitage \u00e0 Arles pour toute demande ou r\u00e9servation. \u00c9crivez-nous ou appelez-nous, nous serons ravis de vous r\u00e9pondre.","breadcrumb":{"@id":"https:\/\/masdelhermitage.fr\/de\/contact\/#breadcrumb"},"inLanguage":"de","potentialAction":[{"@type":"ReadAction","target":["https:\/\/masdelhermitage.fr\/de\/contact\/"]}]},{"@type":"BreadcrumbList","@id":"https:\/\/masdelhermitage.fr\/de\/contact\/#breadcrumb","itemListElement":[{"@type":"ListItem","position":1,"name":"Accueil","item":"https:\/\/masdelhermitage.fr\/de\/"},{"@type":"ListItem","position":2,"name":"Contact"}]},{"@type":"WebSite","@id":"https:\/\/masdelhermitage.fr\/de\/#website","url":"https:\/\/masdelhermitage.fr\/de\/","name":"Mas de l'Hermitage","description":"Ferienaufenthalt Bouches-du-Rhone - Arles","publisher":{"@id":"https:\/\/masdelhermitage.fr\/de\/#organization"},"potentialAction":[{"@type":"SearchAction","target":{"@type":"EntryPoint","urlTemplate":"https:\/\/masdelhermitage.fr\/de\/?s={search_term_string}"},"query-input":{"@type":"PropertyValueSpecification","valueRequired":true,"valueName":"search_term_string"}}],"inLanguage":"de"},{"@type":"Organization","@id":"https:\/\/masdelhermitage.fr\/de\/#organization","name":"Mas de l'Hermitage","url":"https:\/\/masdelhermitage.fr\/de\/","logo":{"@type":"ImageObject","inLanguage":"de","@id":"https:\/\/masdelhermitage.fr\/de\/#\/schema\/logo\/image\/","url":"https:\/\/masdelhermitage.fr\/wp-content\/uploads\/2016\/04\/cropped-logo_favicon.png","contentUrl":"https:\/\/masdelhermitage.fr\/wp-content\/uploads\/2016\/04\/cropped-logo_favicon.png","width":512,"height":512,"caption":"Mas de l'Hermitage"},"image":{"@id":"https:\/\/masdelhermitage.fr\/de\/#\/schema\/logo\/image\/"},"sameAs":["https:\/\/www.facebook.com\/mashermitage\/","https:\/\/www.instagram.com\/masdelhermitage?igsh=MXl1YXF3N2ZzNjJ4"]}]}},"_links":{"self":[{"href":"https:\/\/masdelhermitage.fr\/de\/wp-json\/wp\/v2\/pages\/4101","targetHints":{"allow":["GET"]}}],"collection":[{"href":"https:\/\/masdelhermitage.fr\/de\/wp-json\/wp\/v2\/pages"}],"about":[{"href":"https:\/\/masdelhermitage.fr\/de\/wp-json\/wp\/v2\/types\/page"}],"author":[{"embeddable":true,"href":"https:\/\/masdelhermitage.fr\/de\/wp-json\/wp\/v2\/users\/4"}],"replies":[{"embeddable":true,"href":"https:\/\/masdelhermitage.fr\/de\/wp-json\/wp\/v2\/comments?post=4101"}],"version-history":[{"count":18,"href":"https:\/\/masdelhermitage.fr\/de\/wp-json\/wp\/v2\/pages\/4101\/revisions"}],"predecessor-version":[{"id":4821,"href":"https:\/\/masdelhermitage.fr\/de\/wp-json\/wp\/v2\/pages\/4101\/revisions\/4821"}],"wp:attachment":[{"href":"https:\/\/masdelhermitage.fr\/de\/wp-json\/wp\/v2\/media?parent=4101"}],"curies":[{"name":"wp","href":"https:\/\/api.w.org\/{rel}","templated":true}]}}