{"id":5445,"date":"2026-02-04T12:12:57","date_gmt":"2026-02-04T12:12:57","guid":{"rendered":"https:\/\/masdelhermitage.fr\/?page_id=5445"},"modified":"2026-02-04T12:18:52","modified_gmt":"2026-02-04T12:18:52","slug":"elementor-5445","status":"publish","type":"page","link":"https:\/\/masdelhermitage.fr\/de\/elementor-5445\/","title":{"rendered":"Elementor #5445"},"content":{"rendered":"\t\t<div data-elementor-type=\"wp-page\" data-elementor-id=\"5445\" class=\"elementor elementor-5445 elementor-5207\">\n\t\t\t\t\t\t<section class=\"elementor-section elementor-top-section elementor-element elementor-element-3bfb499 elementor-section-boxed elementor-section-height-default elementor-section-height-default\" data-id=\"3bfb499\" data-element_type=\"section\" data-e-type=\"section\">\n\t\t\t\t\t\t<div class=\"elementor-container elementor-column-gap-default\">\n\t\t\t\t\t<div class=\"elementor-column elementor-col-100 elementor-top-column elementor-element elementor-element-862cb85\" data-id=\"862cb85\" data-element_type=\"column\" data-e-type=\"column\">\n\t\t\t<div class=\"elementor-widget-wrap elementor-element-populated\">\n\t\t\t\t\t\t<div class=\"elementor-element elementor-element-0f34e2c elementor-widget elementor-widget-spacer\" data-id=\"0f34e2c\" data-element_type=\"widget\" data-e-type=\"widget\" data-widget_type=\"spacer.default\">\n\t\t\t\t<div class=\"elementor-widget-container\">\n\t\t\t\t\t\t\t<div class=\"elementor-spacer\">\n\t\t\t<div class=\"elementor-spacer-inner\"><\/div>\n\t\t<\/div>\n\t\t\t\t\t\t<\/div>\n\t\t\t\t<\/div>\n\t\t\t\t\t<\/div>\n\t\t<\/div>\n\t\t\t\t\t<\/div>\n\t\t<\/section>\n\t\t\t\t<section class=\"elementor-section elementor-top-section elementor-element elementor-element-68e5333 elementor-section-boxed elementor-section-height-default elementor-section-height-default\" data-id=\"68e5333\" data-element_type=\"section\" data-e-type=\"section\">\n\t\t\t\t\t\t<div class=\"elementor-container elementor-column-gap-default\">\n\t\t\t\t\t<div class=\"elementor-column elementor-col-100 elementor-top-column elementor-element elementor-element-c345d2e\" data-id=\"c345d2e\" data-element_type=\"column\" data-e-type=\"column\">\n\t\t\t<div class=\"elementor-widget-wrap elementor-element-populated\">\n\t\t\t\t\t\t<div class=\"elementor-element elementor-element-9760937 elementor-widget elementor-widget-heading\" data-id=\"9760937\" data-element_type=\"widget\" data-e-type=\"widget\" data-widget_type=\"heading.default\">\n\t\t\t\t<div class=\"elementor-widget-container\">\n\t\t\t\t\t<h2 class=\"elementor-heading-title elementor-size-default\">Allgemeine Gesch\u00e4ftsbedingungen (AGB)<\/h2>\t\t\t\t<\/div>\n\t\t\t\t<\/div>\n\t\t\t\t\t<\/div>\n\t\t<\/div>\n\t\t\t\t\t<\/div>\n\t\t<\/section>\n\t\t\t\t<section class=\"elementor-section elementor-top-section elementor-element elementor-element-585d801 elementor-section-boxed elementor-section-height-default elementor-section-height-default\" data-id=\"585d801\" data-element_type=\"section\" data-e-type=\"section\">\n\t\t\t\t\t\t<div class=\"elementor-container elementor-column-gap-default\">\n\t\t\t\t\t<div class=\"elementor-column elementor-col-100 elementor-top-column elementor-element elementor-element-02453e0\" data-id=\"02453e0\" data-element_type=\"column\" data-e-type=\"column\">\n\t\t\t<div class=\"elementor-widget-wrap elementor-element-populated\">\n\t\t\t\t\t\t<div class=\"elementor-element elementor-element-4d9b462 elementor-widget elementor-widget-spacer\" data-id=\"4d9b462\" data-element_type=\"widget\" data-e-type=\"widget\" data-widget_type=\"spacer.default\">\n\t\t\t\t<div class=\"elementor-widget-container\">\n\t\t\t\t\t\t\t<div class=\"elementor-spacer\">\n\t\t\t<div class=\"elementor-spacer-inner\"><\/div>\n\t\t<\/div>\n\t\t\t\t\t\t<\/div>\n\t\t\t\t<\/div>\n\t\t\t\t\t<\/div>\n\t\t<\/div>\n\t\t\t\t\t<\/div>\n\t\t<\/section>\n\t\t\t\t<section class=\"elementor-section elementor-top-section elementor-element elementor-element-0757f38 elementor-section-boxed elementor-section-height-default elementor-section-height-default\" data-id=\"0757f38\" data-element_type=\"section\" data-e-type=\"section\">\n\t\t\t\t\t\t<div class=\"elementor-container elementor-column-gap-default\">\n\t\t\t\t\t<div class=\"elementor-column elementor-col-100 elementor-top-column elementor-element elementor-element-849d3be\" data-id=\"849d3be\" data-element_type=\"column\" data-e-type=\"column\">\n\t\t\t<div class=\"elementor-widget-wrap elementor-element-populated\">\n\t\t\t\t\t\t<div class=\"elementor-element elementor-element-d8b7bad elementor-widget elementor-widget-text-editor\" data-id=\"d8b7bad\" data-element_type=\"widget\" data-e-type=\"widget\" data-widget_type=\"text-editor.default\">\n\t\t\t\t<div class=\"elementor-widget-container\">\n\t\t\t\t\t\t\t\t\t<p>Diese Allgemeinen Gesch\u00e4ftsbedingungen bestimmen die Modalit\u00e4ten der Reservierung und des Aufenthalts im Mas de l\u2019Hermitage. Mit der Vornahme einer Buchung best\u00e4tigen Sie, diese Bestimmungen zur Kenntnis genommen zu haben und sie vorbehaltlos zu akzeptieren.<\/p><p>\u00a0<\/p><p><strong>1. Reservierung<\/strong><br \/>Wir danken Ihnen f\u00fcr Ihr Interesse an unserem Mas. Ihre Reservierung wird mit Eingang einer Anzahlung in H\u00f6he von 30 % des Gesamtmietpreises verbindlich und endg\u00fcltig. Sie k\u00f6nnen per E-Mail, telefonisch oder direkt \u00fcber unsere Website buchen. Wir akzeptieren folgende Zahlungsmittel: internationale Bank\u00fcberweisung, PayPal (mit 3 % Bearbeitungsgeb\u00fchr), franz\u00f6sischer Scheck, ANCV-Urlaubsschecks und Kreditkarte.<br \/>Bankverbindung f\u00fcr \u00dcberweisungen:<br \/>\u2022 Bank: BNP PARIBAS IDF CENTRE AFFAI (03199)<br \/>\u2022 IBAN: FR76 3000 4031 3000 0107 4200 265<br \/>\u2022 SWIFT\/BIC: BNPAFRPPXXX<br \/>\u2022 PayPal: contact@masdelhermitage.fr<\/p><p>\u00a0<\/p><p><strong>2. Zahlungsbedingungen<\/strong><br \/>Die Anzahlung von 30 % ist innerhalb von sieben (7) Tagen nach Versand unserer Buchungsbest\u00e4tigung zu leisten. Der Restbetrag ist sp\u00e4testens drei\u00dfig (30) Tage vor dem Anreisedatum f\u00e4llig. Bei Buchungen, die weniger als drei\u00dfig (30) Tage vor Anreise erfolgen, ist der Gesamtbetrag sofort zu zahlen. Bei Zahlungsverzug behalten wir uns das Recht vor, die Reservierung zu stornieren.<\/p><p>\u00a0<\/p><p><b>3. Zusatzkosten<br \/><\/b>Die Kurtaxe, f\u00fcr das Jahr 2025 auf 1,15 \u20ac pro Person und Nacht festgesetzt, ist bei Ankunft in bar zu entrichten. Zudem wird bei Ankunft eine Kaution von 200 \u20ac in bar erhoben; diese wird bei Abreise nach \u00dcberpr\u00fcfung der Unterkunft, sofern keine Sch\u00e4den vorliegen, zur\u00fcckerstattet. Werden Sch\u00e4den festgestellt, die 200 \u20ac \u00fcbersteigen, werden die entsprechenden Mehrkosten in Rechnung gestellt. Pauschale Endreinigung:<\/p><table><tbody><tr><td width=\"220\">Appartement<\/td><td width=\"197\">2 nuits et plus<\/td><td width=\"187\">1 nuit<\/td><\/tr><tr><td width=\"220\">Crau<\/td><td width=\"197\">100.-\u20ac<\/td><td width=\"187\">50.-\u20ac<\/td><\/tr><tr><td width=\"220\">Provence<\/td><td width=\"197\">100.-\u20ac<\/td><td width=\"187\">50.-\u20ac<\/td><\/tr><tr><td width=\"220\">Camargue<\/td><td width=\"197\">60.-\u20ac<\/td><td width=\"187\">30.-\u20ac<\/td><\/tr><tr><td width=\"220\">Alpilles<\/td><td width=\"197\">100.-\u20ac<\/td><td width=\"187\">50.-\u20ac<\/td><\/tr><\/tbody><\/table><p>In der Wintersaison ist ein Heizkostenbeitrag von 30 \u20ac pro Woche zu entrichten.<\/p><p><br \/><b>4. Stornobedingungen<br \/><\/b>Stornierungen sind uns schriftlich, per Einschreiben oder per E-Mail mitzuteilen und werden erst mit unserer schriftlichen Best\u00e4tigung wirksam. Es gelten folgende Stornogeb\u00fchren:<br \/>\u2022 Bis 45 Tage vor Anreise: 30 % des Mietpreises (mit M\u00f6glichkeit einer Umbuchung innerhalb von sechs Monaten).<br \/>\u2022 44 bis 31 Tage vor Anreise: 50 % des Mietpreises.<br \/>\u2022 30 Tage oder weniger vor Anreise: 100 % des Mietpreises.<br \/>Sie k\u00f6nnen kostenfrei einen Ersatzmieter benennen, der Ihre Reservierung zu denselben Bedingungen vollst\u00e4ndig \u00fcbernimmt. Eine Erstattung bei vorzeitiger Abreise oder Nichtanreise innerhalb von 24 Stunden nach dem geplanten<br \/>Ankunftsdatum ist ausgeschlossen. Wir empfehlen dringend den Abschluss einer Reiser\u00fccktrittsversicherung.<\/p><p><br \/><b>5. Anreise und Abreise<br \/><\/b>Check-in ist zwischen 17:00 und 19:00 Uhr, Check-out bis 10:00 Uhr. F\u00fcr An- oder Abreisen au\u00dferhalb dieser Zeiten bitten wir um vorherige Nachricht, damit wir entsprechend disponieren k\u00f6nnen. Bei sp\u00e4ter Anreise ist eine Information an uns unerl\u00e4sslich.<\/p><p><br \/><b>6. Maximale Belegung und G\u00e4steliste<br \/><\/b>Die Apartements Crau, Provence und Alpilles bieten jeweils Platz f\u00fcr bis zu vier (4) Personen. Das Apartement Camargue ist f\u00fcr bis zu zwei (2) Personen geeignet. Die maximale Kapazit\u00e4t des Anwesens betr\u00e4gt vierzehn (14) Personen. Aus Versicherungsgr\u00fcnden erfassen wir Namen und Anschriften aller G\u00e4ste. Nicht angemeldete Besucher k\u00f6nnen zur sofortigen Beendigung des Aufenthalts ohne Erstattung f\u00fchren.<\/p><p><br \/><b>7. Pflichten des Mieters<br \/><\/b>Bitte gehen Sie sorgsam mit dem Mas, seiner Ausstattung und dem Mobiliar um. Bei Ankunft ist ein \u00dcbergabeprotokoll zu erstellen. Melden Sie bitte umgehend alle festgestellten Sch\u00e4den, Vorf\u00e4lle oder Funktionsst\u00f6rungen. Nicht w\u00e4hrend des Aufenthalts gemeldete Sch\u00e4den k\u00f6nnen nachtr\u00e4glich berechnet werden. Der Mieter haftet f\u00fcr alle Sch\u00e4den, die w\u00e4hrend seiner Belegungszeit entstehen.<\/p><p><br \/><b>8. Sch\u00e4den und Inventar<br \/><\/b>Geringf\u00fcgige Sch\u00e4den bis zu einem Betrag von 200 \u20ac werden mit der Kaution verrechnet; eine Quittung wird ausgestellt. H\u00f6here Sch\u00e4den werden gegen Nachweis in Rechnung gestellt. Die Haftung des Mieters ist nicht auf die Kaution beschr\u00e4nkt.<\/p><p><br \/><b>9. Hausordnung<br \/><\/b>9.1. Rauchverbot Rauchen ist in den Unterk\u00fcnften strikt untersagt. Auf den Terrassen darf unter Nutzung der bereitgestellten Aschenbecher geraucht werden.<br \/>9.2. Ruhezeiten Ruhezeiten sind von November bis M\u00e4rz von 22:00 bis 8:00 Uhr, von April bis Oktober von 23:00 bis 7:00 Uhr. Musik ist in moderater Lautst\u00e4rke und unter R\u00fccksichtnahme auf die Nachbarschaft erlaubt.<br \/>9.3. Feiern und Veranstaltungen Partys und Veranstaltungen sind nicht gestattet, es sei denn, sie werden vorher schriftlich genehmigt und das Mas wird exklusiv daf\u00fcr gebucht. Zuwiderhandlungen k\u00f6nnen zur sofortigen Beendigung des Aufenthalts und zum Verlust der Kaution f\u00fchren.<br \/>9.4. Schl\u00fcssel Bei Schl\u00fcsselverlust wird eine Pauschale von 20 \u20ac berechnet.<br \/>9.5. Kinder Kinder sind stets zu beaufsichtigen, insbesondere im Bereich des Pools.<\/p><p><br \/><b>10. Parken<br \/><\/b>Jedem Appartement ist ein Stellplatz auf der rechten Seite des Tores zugewiesen. Ein zweiter Stellplatz kann auf Anfrage und nach Verf\u00fcgbarkeit gew\u00e4hrt werden.<\/p><p><br \/><b>11. Abfall und Recycling<br \/><\/b>M\u00fclltrennung ist obligatorisch. Bei nicht ordnungsgem\u00e4\u00dfer Trennung k\u00f6nnen Entsorgungsgeb\u00fchren berechnet werden.<\/p><p><br \/><b>12. Nutzung des Pools<br \/><\/b>Der Pool ist 1,40 m tief und mit einer elektrischen Sicherheitsabdeckung ausgestattet. Er ist nicht eingez\u00e4unt und nicht f\u00fcr Kopfspr\u00fcnge geeignet. Der Pool ist garantiert vom 1. Juni bis 30. September ge\u00f6ffnet. Vor dem 1. Juni und nach dem 30. September k\u00f6nnen \u00d6ffnung und Zeiten je nach Wetterlage variieren. Aus hygienischen Gr\u00fcnden bitten wir, vor dem Baden zu duschen, keine Speisen oder Getr\u00e4nke im Becken zu konsumieren. Kinder m\u00fcssen stets beaufsichtigt werden. Die Nutzung des Pools erfolgt auf eigene Verantwortung und kann bei Gewitter vor\u00fcbergehend ausgesetzt werden.<\/p><p><br \/><b>13. Au\u00dfenbereiche<br \/><\/b>Ein Grill steht auf Anfrage zur Verf\u00fcgung. Bei starkem Mistral oder erh\u00f6hter Brandgefahr kann die Nutzung vor\u00fcbergehend untersagt werden.<\/p><p><br \/><b>14. Energie und Wasser<br \/><\/b>Bitte gehen Sie verantwortungsvoll mit Ressourcen um: begrenzen Sie den Wasserverbrauch, halten Sie Fenster geschlossen, wenn die Klimaanlage l\u00e4uft, und schalten Sie w\u00e4hrend des L\u00fcftens die Heizung aus.<\/p><p><br \/><b>15. Gemeinschaftsbereiche<br \/><\/b>Pool und Garten werden von allen G\u00e4sten gemeinsam genutzt. Bitte beachten Sie die Regeln des respektvollen und r\u00fccksichtsvollen Miteinanders. Liegen und Sonnenschirme stehen nach dem Prinzip \u201ewer zuerst kommt, wird zuerst bedient\u201c zur Verf\u00fcgung.<\/p><p><br \/><b>16. Tiere<br \/><\/b>Haustiere sind nicht erlaubt. Diese Entscheidung dient der Hygiene, der Vermeidung von Allergien und einem guten Miteinander mit den vor Ort vorhandenen Tieren.<\/p><p><br \/><b>17. Internet<br \/><\/b>Kostenfreies WLAN steht ausschlie\u00dflich f\u00fcr legale Nutzung zur Verf\u00fcgung. Illegale Downloads sind strikt untersagt. Der Mieter ist f\u00fcr die Nutzung seiner Verbindung verantwortlich.<\/p><p><br \/><b>18. Notf\u00e4lle und Kontakt<br \/><\/b>In Ihrer Unterkunft liegt eine Informationsbrosch\u00fcre bereit. Sie enth\u00e4lt eine 24\/7-Notrufnummer, Kontaktdaten medizinischer Dienste und nahegelegener Apotheken sowie die Kontaktdaten des Eigent\u00fcmers f\u00fcr alle Anliegen.<\/p><p><br \/><b>19. Verl\u00e4ngerung oder Verk\u00fcrzung des Aufenthalts<br \/><\/b>Eine Verl\u00e4ngerung ist vorbehaltlich Verf\u00fcgbarkeit m\u00f6glich. Bei vorzeitiger Abreise erfolgt keine R\u00fcckerstattung.<\/p><p><br \/><b>20. Witterungsbedingungen<br \/><\/b>Bei ung\u00fcnstiger Witterung erfolgt keine Erstattung. Bei Gewitter kann der Pool aus Sicherheitsgr\u00fcnden vor\u00fcbergehend geschlossen werden.<\/p><p><br \/><b>21. H\u00f6here Gewalt<br \/><\/b>Bei au\u00dfergew\u00f6hnlichen, von uns nicht zu vertretenden Ereignissen (z. B. Naturkatastrophen oder Pandemien) ist eine Erstattung nicht gew\u00e4hrleistet. Wir bem\u00fchen uns jedoch, gemeinsam mit Ihnen die angesichts der Umst\u00e4nde fairste L\u00f6sung zu finden.<\/p><p><br \/><b>22. Beanstandungen<br \/><\/b>Bitte melden Sie uns wenn Sie auf irgendwelche Probleme bez\u00fcglich des Hauses w\u00e4hrend Ihres Aufenthalts haben, damit wir zeitnah Abhilfe schaffen k\u00f6nnen. Nach Abreise eingereichte Reklamationen k\u00f6nnen leider nicht ber\u00fccksichtigt werden.<\/p><p><br \/><b>23. Bewertungen<br \/><\/b>Ihr Feedback ist uns wichtig. Wir w\u00e4ren Ihnen dankbar, wenn Sie im Anschluss an Ihren Aufenthalt eine konstruktive Bewertung auf den entsprechenden Seiten wie \u201ebooking.com\u201c ,tripadviser, google, facebook oder \u00e4hnliche, abgeben.<\/p><p><br \/><b>24. Hygiene und Gesundheit<br \/><\/b>Wir wenden erweiterte Hygienestandards an. Bei besonderen gesundheitlichen Situationen kann die Hausordnung im Interesse aller vor\u00fcbergehend angepasst werden.<\/p><p><br \/><b>25. Atmosph\u00e4re des Mas<br \/><\/b>Das Mas de l\u2019Hermitage ist eine Oase der Ruhe \u2013 ideal f\u00fcr Stille, Entspannung und famili\u00e4re Geselligkeit. Wir danken Ihnen, dass Sie jederzeit dazu beitragen, diese Atmosph\u00e4re zu bewahren.<\/p><p><br \/><b>26. Versicherung<br \/><\/b>Der Mieter muss \u00fcber eine Haftpflichtversicherung f\u00fcr Ferienaufenthalte verf\u00fcgen, die Sch\u00e4den w\u00e4hrend des Aufenthalts abdeckt. Die Haftung des Mieters kann im Schadensfall die H\u00f6he der Kaution \u00fcbersteigen.<\/p><p><br \/><b>27. Inklusivleistungen<br \/><\/b>Im Aufenthaltspreis enthalten sind: WLAN, Erstausstattung an Bettw\u00e4sche, ein Set Handt\u00fccher pro Person und \u2013 nach vorheriger Reservierung und vorbehaltlich Verf\u00fcgbarkeit \u2013 ein Babyset sowie ein Grill.<\/p><p><br \/><b>28. R\u00fccktritt durch den Eigent\u00fcmer<br \/><\/b>Bei Stornierung durch den Eigent\u00fcmer aus berechtigtem Grund oder aufgrund h\u00f6herer Gewalt werden alle vom Mieter geleisteten Zahlungen umgehend vollst\u00e4ndig erstattet.<\/p><p><br \/><b>29. Vertrags\u00e4nderungen<br \/><\/b>Jegliche Abweichung von den urspr\u00fcnglichen Vereinbarungen bedarf der schriftlichen Zustimmung beider Parteien, per E-Mail oder in Form einer Vertrags\u00e4nderung.<\/p><p><br \/><b>30. Anwendbares Recht<br \/><\/b>Dieser Vertrag unterliegt franz\u00f6sischem Recht. Im Streitfall sind ausschlie\u00dflich die franz\u00f6sischen Gerichte zust\u00e4ndig.<br \/>Wir danken Ihnen f\u00fcr Ihr Vertrauen und freuen uns auf Ihren Aufenthalt im Mas de l\u2019Hermitage \u2013 Ihrem Zuhause in der Provence!<\/p>\t\t\t\t\t\t\t\t<\/div>\n\t\t\t\t<\/div>\n\t\t\t\t\t<\/div>\n\t\t<\/div>\n\t\t\t\t\t<\/div>\n\t\t<\/section>\n\t\t\t\t<section class=\"elementor-section elementor-top-section elementor-element elementor-element-98b0684 elementor-section-boxed elementor-section-height-default elementor-section-height-default\" data-id=\"98b0684\" data-element_type=\"section\" data-e-type=\"section\">\n\t\t\t\t\t\t<div class=\"elementor-container elementor-column-gap-default\">\n\t\t\t\t\t<div class=\"elementor-column elementor-col-100 elementor-top-column elementor-element elementor-element-be89783\" data-id=\"be89783\" data-element_type=\"column\" data-e-type=\"column\">\n\t\t\t<div class=\"elementor-widget-wrap elementor-element-populated\">\n\t\t\t\t\t\t<div class=\"elementor-element elementor-element-0e0b5e5 elementor-widget elementor-widget-spacer\" data-id=\"0e0b5e5\" data-element_type=\"widget\" data-e-type=\"widget\" data-widget_type=\"spacer.default\">\n\t\t\t\t<div class=\"elementor-widget-container\">\n\t\t\t\t\t\t\t<div class=\"elementor-spacer\">\n\t\t\t<div class=\"elementor-spacer-inner\"><\/div>\n\t\t<\/div>\n\t\t\t\t\t\t<\/div>\n\t\t\t\t<\/div>\n\t\t\t\t\t<\/div>\n\t\t<\/div>\n\t\t\t\t\t<\/div>\n\t\t<\/section>\n\t\t\t\t<\/div>\n\t\t","protected":false},"excerpt":{"rendered":"<p>Allgemeine Gesch\u00e4ftsbedingungen (AGB) Diese Allgemeinen Gesch\u00e4ftsbedingungen bestimmen die Modalit\u00e4ten der Reservierung und des Aufenthalts im Mas de l\u2019Hermitage. Mit der Vornahme einer Buchung best\u00e4tigen Sie, diese Bestimmungen zur Kenntnis genommen zu haben und sie vorbehaltlos zu akzeptieren. \u00a0 1. ReservierungWir danken Ihnen f\u00fcr Ihr Interesse an unserem Mas. Ihre Reservierung wird mit Eingang einer Anzahlung [&hellip;]<\/p>\n","protected":false},"author":1,"featured_media":0,"parent":0,"menu_order":0,"comment_status":"closed","ping_status":"closed","template":"","meta":{"footnotes":""},"class_list":["post-5445","page","type-page","status-publish","hentry"],"yoast_head":"<!-- This site is optimized with the Yoast SEO plugin v27.5 - https:\/\/yoast.com\/product\/yoast-seo-wordpress\/ -->\n<title>Elementor #5445 | Mas de l&#039;Hermitage<\/title>\n<meta name=\"description\" content=\"Allgemeine Gesch\u00e4ftsbedingungen (AGB) Diese Allgemeinen Gesch\u00e4ftsbedingungen bestimmen die Modalit\u00e4ten der Reservierung und des Aufenthalts im Mas de\" \/>\n<meta name=\"robots\" content=\"index, follow, max-snippet:-1, max-image-preview:large, max-video-preview:-1\" \/>\n<link rel=\"canonical\" href=\"https:\/\/masdelhermitage.fr\/de\/elementor-5445\/\" \/>\n<meta property=\"og:locale\" content=\"de_DE\" \/>\n<meta property=\"og:type\" content=\"article\" \/>\n<meta property=\"og:title\" content=\"Elementor #5445 | Mas de l&#039;Hermitage\" \/>\n<meta property=\"og:description\" content=\"Allgemeine Gesch\u00e4ftsbedingungen (AGB) Diese Allgemeinen Gesch\u00e4ftsbedingungen bestimmen die Modalit\u00e4ten der Reservierung und des Aufenthalts im Mas de\" \/>\n<meta property=\"og:url\" content=\"https:\/\/masdelhermitage.fr\/de\/elementor-5445\/\" \/>\n<meta property=\"og:site_name\" content=\"Mas de l&#039;Hermitage\" \/>\n<meta property=\"article:publisher\" content=\"https:\/\/www.facebook.com\/mashermitage\/\" \/>\n<meta property=\"article:modified_time\" content=\"2026-02-04T12:18:52+00:00\" \/>\n<meta property=\"og:image\" content=\"https:\/\/masdelhermitage.fr\/wp-content\/uploads\/2025\/07\/IMG_1398-1.webp\" \/>\n\t<meta property=\"og:image:width\" content=\"1920\" \/>\n\t<meta property=\"og:image:height\" content=\"1280\" \/>\n\t<meta property=\"og:image:type\" content=\"image\/jpeg\" \/>\n<meta name=\"twitter:card\" content=\"summary_large_image\" \/>\n<meta name=\"twitter:label1\" content=\"Gesch\u00e4tzte Lesezeit\" \/>\n\t<meta name=\"twitter:data1\" content=\"8\u00a0Minuten\" \/>\n<script type=\"application\/ld+json\" class=\"yoast-schema-graph\">{\"@context\":\"https:\\\/\\\/schema.org\",\"@graph\":[{\"@type\":\"WebPage\",\"@id\":\"https:\\\/\\\/masdelhermitage.fr\\\/de\\\/elementor-5445\\\/\",\"url\":\"https:\\\/\\\/masdelhermitage.fr\\\/de\\\/elementor-5445\\\/\",\"name\":\"Elementor #5445 | Mas de l&#039;Hermitage\",\"isPartOf\":{\"@id\":\"https:\\\/\\\/masdelhermitage.fr\\\/de\\\/#website\"},\"datePublished\":\"2026-02-04T12:12:57+00:00\",\"dateModified\":\"2026-02-04T12:18:52+00:00\",\"description\":\"Allgemeine Gesch\u00e4ftsbedingungen (AGB) Diese Allgemeinen Gesch\u00e4ftsbedingungen bestimmen die Modalit\u00e4ten der Reservierung und des Aufenthalts im Mas de\",\"breadcrumb\":{\"@id\":\"https:\\\/\\\/masdelhermitage.fr\\\/de\\\/elementor-5445\\\/#breadcrumb\"},\"inLanguage\":\"de\",\"potentialAction\":[{\"@type\":\"ReadAction\",\"target\":[\"https:\\\/\\\/masdelhermitage.fr\\\/de\\\/elementor-5445\\\/\"]}]},{\"@type\":\"BreadcrumbList\",\"@id\":\"https:\\\/\\\/masdelhermitage.fr\\\/de\\\/elementor-5445\\\/#breadcrumb\",\"itemListElement\":[{\"@type\":\"ListItem\",\"position\":1,\"name\":\"Accueil\",\"item\":\"https:\\\/\\\/masdelhermitage.fr\\\/de\\\/\"},{\"@type\":\"ListItem\",\"position\":2,\"name\":\"Elementor #5445\"}]},{\"@type\":\"WebSite\",\"@id\":\"https:\\\/\\\/masdelhermitage.fr\\\/de\\\/#website\",\"url\":\"https:\\\/\\\/masdelhermitage.fr\\\/de\\\/\",\"name\":\"Mas de l'Hermitage\",\"description\":\"Ferienaufenthalt Bouches-du-Rhone - Arles\",\"publisher\":{\"@id\":\"https:\\\/\\\/masdelhermitage.fr\\\/de\\\/#organization\"},\"potentialAction\":[{\"@type\":\"SearchAction\",\"target\":{\"@type\":\"EntryPoint\",\"urlTemplate\":\"https:\\\/\\\/masdelhermitage.fr\\\/de\\\/?s={search_term_string}\"},\"query-input\":{\"@type\":\"PropertyValueSpecification\",\"valueRequired\":true,\"valueName\":\"search_term_string\"}}],\"inLanguage\":\"de\"},{\"@type\":\"Organization\",\"@id\":\"https:\\\/\\\/masdelhermitage.fr\\\/de\\\/#organization\",\"name\":\"Mas de l'Hermitage\",\"url\":\"https:\\\/\\\/masdelhermitage.fr\\\/de\\\/\",\"logo\":{\"@type\":\"ImageObject\",\"inLanguage\":\"de\",\"@id\":\"https:\\\/\\\/masdelhermitage.fr\\\/de\\\/#\\\/schema\\\/logo\\\/image\\\/\",\"url\":\"https:\\\/\\\/masdelhermitage.fr\\\/wp-content\\\/uploads\\\/2016\\\/04\\\/cropped-logo_favicon.png\",\"contentUrl\":\"https:\\\/\\\/masdelhermitage.fr\\\/wp-content\\\/uploads\\\/2016\\\/04\\\/cropped-logo_favicon.png\",\"width\":512,\"height\":512,\"caption\":\"Mas de l'Hermitage\"},\"image\":{\"@id\":\"https:\\\/\\\/masdelhermitage.fr\\\/de\\\/#\\\/schema\\\/logo\\\/image\\\/\"},\"sameAs\":[\"https:\\\/\\\/www.facebook.com\\\/mashermitage\\\/\",\"https:\\\/\\\/www.instagram.com\\\/masdelhermitage?igsh=MXl1YXF3N2ZzNjJ4\"]}]}<\/script>\n<!-- \/ Yoast SEO plugin. -->","yoast_head_json":{"title":"Elementor #5445 | Mas de l&#039;Hermitage","description":"Allgemeine Gesch\u00e4ftsbedingungen (AGB) Diese Allgemeinen Gesch\u00e4ftsbedingungen bestimmen die Modalit\u00e4ten der Reservierung und des Aufenthalts im Mas de","robots":{"index":"index","follow":"follow","max-snippet":"max-snippet:-1","max-image-preview":"max-image-preview:large","max-video-preview":"max-video-preview:-1"},"canonical":"https:\/\/masdelhermitage.fr\/de\/elementor-5445\/","og_locale":"de_DE","og_type":"article","og_title":"Elementor #5445 | Mas de l&#039;Hermitage","og_description":"Allgemeine Gesch\u00e4ftsbedingungen (AGB) Diese Allgemeinen Gesch\u00e4ftsbedingungen bestimmen die Modalit\u00e4ten der Reservierung und des Aufenthalts im Mas de","og_url":"https:\/\/masdelhermitage.fr\/de\/elementor-5445\/","og_site_name":"Mas de l&#039;Hermitage","article_publisher":"https:\/\/www.facebook.com\/mashermitage\/","article_modified_time":"2026-02-04T12:18:52+00:00","og_image":[{"width":1920,"height":1280,"url":"https:\/\/masdelhermitage.fr\/wp-content\/uploads\/2025\/07\/IMG_1398-1.webp","type":"image\/jpeg"}],"twitter_card":"summary_large_image","twitter_misc":{"Gesch\u00e4tzte Lesezeit":"8\u00a0Minuten"},"schema":{"@context":"https:\/\/schema.org","@graph":[{"@type":"WebPage","@id":"https:\/\/masdelhermitage.fr\/de\/elementor-5445\/","url":"https:\/\/masdelhermitage.fr\/de\/elementor-5445\/","name":"Elementor #5445 | Mas de l&#039;Hermitage","isPartOf":{"@id":"https:\/\/masdelhermitage.fr\/de\/#website"},"datePublished":"2026-02-04T12:12:57+00:00","dateModified":"2026-02-04T12:18:52+00:00","description":"Allgemeine Gesch\u00e4ftsbedingungen (AGB) Diese Allgemeinen Gesch\u00e4ftsbedingungen bestimmen die Modalit\u00e4ten der Reservierung und des Aufenthalts im Mas de","breadcrumb":{"@id":"https:\/\/masdelhermitage.fr\/de\/elementor-5445\/#breadcrumb"},"inLanguage":"de","potentialAction":[{"@type":"ReadAction","target":["https:\/\/masdelhermitage.fr\/de\/elementor-5445\/"]}]},{"@type":"BreadcrumbList","@id":"https:\/\/masdelhermitage.fr\/de\/elementor-5445\/#breadcrumb","itemListElement":[{"@type":"ListItem","position":1,"name":"Accueil","item":"https:\/\/masdelhermitage.fr\/de\/"},{"@type":"ListItem","position":2,"name":"Elementor #5445"}]},{"@type":"WebSite","@id":"https:\/\/masdelhermitage.fr\/de\/#website","url":"https:\/\/masdelhermitage.fr\/de\/","name":"Mas de l'Hermitage","description":"Ferienaufenthalt Bouches-du-Rhone - Arles","publisher":{"@id":"https:\/\/masdelhermitage.fr\/de\/#organization"},"potentialAction":[{"@type":"SearchAction","target":{"@type":"EntryPoint","urlTemplate":"https:\/\/masdelhermitage.fr\/de\/?s={search_term_string}"},"query-input":{"@type":"PropertyValueSpecification","valueRequired":true,"valueName":"search_term_string"}}],"inLanguage":"de"},{"@type":"Organization","@id":"https:\/\/masdelhermitage.fr\/de\/#organization","name":"Mas de l'Hermitage","url":"https:\/\/masdelhermitage.fr\/de\/","logo":{"@type":"ImageObject","inLanguage":"de","@id":"https:\/\/masdelhermitage.fr\/de\/#\/schema\/logo\/image\/","url":"https:\/\/masdelhermitage.fr\/wp-content\/uploads\/2016\/04\/cropped-logo_favicon.png","contentUrl":"https:\/\/masdelhermitage.fr\/wp-content\/uploads\/2016\/04\/cropped-logo_favicon.png","width":512,"height":512,"caption":"Mas de l'Hermitage"},"image":{"@id":"https:\/\/masdelhermitage.fr\/de\/#\/schema\/logo\/image\/"},"sameAs":["https:\/\/www.facebook.com\/mashermitage\/","https:\/\/www.instagram.com\/masdelhermitage?igsh=MXl1YXF3N2ZzNjJ4"]}]}},"_links":{"self":[{"href":"https:\/\/masdelhermitage.fr\/de\/wp-json\/wp\/v2\/pages\/5445","targetHints":{"allow":["GET"]}}],"collection":[{"href":"https:\/\/masdelhermitage.fr\/de\/wp-json\/wp\/v2\/pages"}],"about":[{"href":"https:\/\/masdelhermitage.fr\/de\/wp-json\/wp\/v2\/types\/page"}],"author":[{"embeddable":true,"href":"https:\/\/masdelhermitage.fr\/de\/wp-json\/wp\/v2\/users\/1"}],"replies":[{"embeddable":true,"href":"https:\/\/masdelhermitage.fr\/de\/wp-json\/wp\/v2\/comments?post=5445"}],"version-history":[{"count":7,"href":"https:\/\/masdelhermitage.fr\/de\/wp-json\/wp\/v2\/pages\/5445\/revisions"}],"predecessor-version":[{"id":5452,"href":"https:\/\/masdelhermitage.fr\/de\/wp-json\/wp\/v2\/pages\/5445\/revisions\/5452"}],"wp:attachment":[{"href":"https:\/\/masdelhermitage.fr\/de\/wp-json\/wp\/v2\/media?parent=5445"}],"curies":[{"name":"wp","href":"https:\/\/api.w.org\/{rel}","templated":true}]}}