{"id":4184,"date":"2020-01-23T17:57:35","date_gmt":"2020-01-23T17:57:35","guid":{"rendered":"https:\/\/masdelhermitage.fr\/infos-pratiques-modalites\/"},"modified":"2025-10-20T09:18:43","modified_gmt":"2025-10-20T09:18:43","slug":"infos-pratiques-modalites","status":"publish","type":"page","link":"https:\/\/masdelhermitage.fr\/en\/infos-pratiques-modalites\/","title":{"rendered":"Infos pratiques &#8211; modalit\u00e9s"},"content":{"rendered":"\t\t<div data-elementor-type=\"wp-page\" data-elementor-id=\"4184\" class=\"elementor elementor-4184 elementor-2242\">\n\t\t\t\t\t\t<section class=\"elementor-section elementor-top-section elementor-element elementor-element-febbdc8 elementor-section-boxed elementor-section-height-default elementor-section-height-default\" data-id=\"febbdc8\" data-element_type=\"section\">\n\t\t\t\t\t\t<div class=\"elementor-container elementor-column-gap-default\">\n\t\t\t\t\t<div class=\"elementor-column elementor-col-100 elementor-top-column elementor-element elementor-element-304aa38\" data-id=\"304aa38\" data-element_type=\"column\">\n\t\t\t<div class=\"elementor-widget-wrap elementor-element-populated\">\n\t\t\t\t\t\t<div class=\"elementor-element elementor-element-6c4673c elementor-widget elementor-widget-spacer\" data-id=\"6c4673c\" data-element_type=\"widget\" data-widget_type=\"spacer.default\">\n\t\t\t\t<div class=\"elementor-widget-container\">\n\t\t\t\t\t\t\t<div class=\"elementor-spacer\">\n\t\t\t<div class=\"elementor-spacer-inner\"><\/div>\n\t\t<\/div>\n\t\t\t\t\t\t<\/div>\n\t\t\t\t<\/div>\n\t\t\t\t\t<\/div>\n\t\t<\/div>\n\t\t\t\t\t<\/div>\n\t\t<\/section>\n\t\t\t\t<section class=\"elementor-section elementor-top-section elementor-element elementor-element-839660c elementor-section-boxed elementor-section-height-default elementor-section-height-default\" data-id=\"839660c\" data-element_type=\"section\">\n\t\t\t\t\t\t<div class=\"elementor-container elementor-column-gap-default\">\n\t\t\t\t\t<div class=\"elementor-column elementor-col-100 elementor-top-column elementor-element elementor-element-4bf1ddd0\" data-id=\"4bf1ddd0\" data-element_type=\"column\">\n\t\t\t<div class=\"elementor-widget-wrap elementor-element-populated\">\n\t\t\t\t\t\t<div class=\"elementor-element elementor-element-421af2ea elementor-widget elementor-widget-text-editor\" data-id=\"421af2ea\" data-element_type=\"widget\" data-widget_type=\"text-editor.default\">\n\t\t\t\t<div class=\"elementor-widget-container\">\n\t\t\t\t\t\t\t\t\t<h1 style=\"text-align: center;\">Practical information &#8211; terms and conditions<\/h1><p style=\"font-weight: 400;\"><strong>Booking<\/strong><\/p><p style=\"font-weight: 400;\">Bookings can be made by e-mail or post and must be accompanied by a non-refundable deposit of 30%. Payments can be made by cheque, PayPal, holiday vouchers (ANCV), credit card, or bank transfer.<br \/>The balance is due four weeks before arrival. For bookings made less than four weeks before arrival, the total amount must be paid immediately.<\/p><p style=\"font-weight: 400;\">\u00a0<\/p><p style=\"font-weight: 400;\"><strong>Cancellation<\/strong><\/p><p style=\"font-weight: 400;\">In the event of cancellation, the deposit will be retained. In the case of early departure, the entire stay will be charged.<br \/>We recommend taking out travel cancellation insurance, as unforeseen circumstances can occur.<br \/>Up to 45 days before arrival, the deposit can be transferred to a new booking (valid for 6 months for an equivalent stay).<br \/>From 44 to 31 days before arrival, 50% of the rental amount is due.<br \/>Less than 30 days before arrival, 100% of the rental amount is due.<br \/>A cancellation only becomes effective once\u00a0<strong>LE MAS DE L\u2019HERMITAGE<\/strong>\u00a0has confirmed it in writing or by e-mail.<\/p><p style=\"font-weight: 400;\">\u00a0<\/p><p style=\"font-weight: 400;\"><strong>Occupancy &amp; Access<\/strong><\/p><p style=\"font-weight: 400;\">The apartments are intended for a specific number of guests<br \/>(4 persons, except\u00a0<em>Camargue<\/em>: 2 persons).<\/p><p style=\"font-weight: 400;\">Access to the pool and apartments is strictly reserved for registered guests\u2014both during the day and at night.<br \/>To preserve the peace of the estate, we host a maximum of 14 guests. Exceptions may be considered upon prior agreement.<\/p><p style=\"font-weight: 400;\">\u00a0<\/p><p style=\"font-weight: 400;\"><strong>Arrival &amp; Departure<\/strong><\/p><p style=\"font-weight: 400;\">Check-in: 5:00\u20137:00 p.m. (or by prior arrangement).<br \/>Please inform us by phone in case of late arrival. Early check-in is only possible upon request.<br \/>Check-out: by 10:00 a.m. at the latest.<\/p><p style=\"font-weight: 400;\">\u00a0<\/p><p style=\"font-weight: 400;\"><strong>Deposit &amp; Taxes<\/strong><\/p><p style=\"font-weight: 400;\">A \u20ac200 cash deposit is required upon arrival and will be acknowledged by receipt. It will be refunded at the end of your stay if no damage has occurred.<br \/>If damages exceed the deposit amount, the guest is required to cover additional costs above \u20ac200.<br \/>Tourist tax: \u20ac1.15 per person per night (rate as of 2025).<\/p><p style=\"font-weight: 400;\">\u00a0<\/p><p style=\"font-weight: 400;\"><strong>Final Cleaning Fee<\/strong><\/p><table><tbody><tr><td width=\"220\"><b>Accommodation<\/b><\/td><td width=\"197\"><b>2 Nights or More<\/b><\/td><td width=\"187\"><b>1 Night<\/b><\/td><\/tr><tr><td width=\"220\">Crau<\/td><td width=\"197\">100.-\u20ac<\/td><td width=\"187\">50.-\u20ac<\/td><\/tr><tr><td width=\"220\">Provence<\/td><td width=\"197\">100.-\u20ac<\/td><td width=\"187\">50.-\u20ac<\/td><\/tr><tr><td width=\"220\">Camargue<\/td><td width=\"197\">60.-\u20ac<\/td><td width=\"187\">30.-\u20ac<\/td><\/tr><tr><td width=\"220\">Alpilles<\/td><td width=\"197\">100.-\u20ac<\/td><td width=\"187\">50.-\u20ac<\/td><\/tr><\/tbody><\/table><div class=\"vc_gutenberg wpb_content_element \"><div class=\"wpb_wrapper\">\u00a0<\/div><\/div><div class=\"vc_gutenberg wpb_content_element \"><div class=\"wpb_wrapper\"><p style=\"font-weight: 400;\"><strong>House Rules<\/strong><\/p><p style=\"font-weight: 400;\">Indoor areas are non-smoking; smoking is allowed on the terraces, and ashtrays are provided.<br \/>Pets are not allowed, out of consideration for our own animals, for guests who may suffer from allergies, and for hygiene reasons.<br \/>In case of key loss, a replacement fee of \u20ac20 will be charged.<br \/>Internet access is available free of charge for lawful use only; illegal downloads are not permitted and may be reported.<br \/>Parents are responsible for their children. Children must be supervised by their parents, especially at the pool.<br \/>The pool is 1.40 m deep, has an electric safety cover, and no barrier; non-swimmers must use flotation aids.<\/p><p>\u00a0<\/p><p style=\"font-weight: 400;\"><strong>Property Atmosphere<\/strong><\/p><p style=\"font-weight: 400;\"><strong>LE MAS DE L\u2019HERMITAGE<\/strong>\u00a0is a quiet, family-friendly holiday retreat. Please respect the peaceful atmosphere.<br \/>For celebrations or events, the entire property can be rented exclusively.<\/p><p>\u00a0<\/p><p style=\"font-weight: 400;\"><strong>Services<\/strong><\/p><ul style=\"font-weight: 400;\"><li>Free Wi-Fi<\/li><li>Fully equipped kitchens<\/li><li>Washing machine<\/li><li>Bed linen and towels included<\/li><li>Baby set (subject to availability and prior booking)<\/li><li>Small barbecue (reservation required; please return clean)<\/li><li>Babysitting service (on request)<\/li><li>Shuttle service from train station\/airport \u2192 Mas (on request)<\/li><\/ul><p style=\"font-weight: 400;\">\u00a0<\/p><\/div><\/div>\t\t\t\t\t\t\t\t<\/div>\n\t\t\t\t<\/div>\n\t\t\t\t\t<\/div>\n\t\t<\/div>\n\t\t\t\t\t<\/div>\n\t\t<\/section>\n\t\t\t\t<section class=\"elementor-section elementor-top-section elementor-element elementor-element-3eb4674 elementor-section-boxed elementor-section-height-default elementor-section-height-default\" data-id=\"3eb4674\" data-element_type=\"section\">\n\t\t\t\t\t\t<div class=\"elementor-container elementor-column-gap-default\">\n\t\t\t\t\t<div class=\"elementor-column elementor-col-100 elementor-top-column elementor-element elementor-element-f3fe7e7\" data-id=\"f3fe7e7\" data-element_type=\"column\">\n\t\t\t<div class=\"elementor-widget-wrap elementor-element-populated\">\n\t\t\t\t\t\t<div class=\"elementor-element elementor-element-53807d3 elementor-widget elementor-widget-spacer\" data-id=\"53807d3\" data-element_type=\"widget\" data-widget_type=\"spacer.default\">\n\t\t\t\t<div class=\"elementor-widget-container\">\n\t\t\t\t\t\t\t<div class=\"elementor-spacer\">\n\t\t\t<div class=\"elementor-spacer-inner\"><\/div>\n\t\t<\/div>\n\t\t\t\t\t\t<\/div>\n\t\t\t\t<\/div>\n\t\t\t\t\t<\/div>\n\t\t<\/div>\n\t\t\t\t\t<\/div>\n\t\t<\/section>\n\t\t\t\t<\/div>\n\t\t","protected":false},"excerpt":{"rendered":"<p>Practical information &#8211; terms and conditions Booking Bookings can be made by e-mail or post and must be accompanied by a non-refundable deposit of 30%. Payments can be made by cheque, PayPal, holiday vouchers (ANCV), credit card, or bank transfer.The balance is due four weeks before arrival. For bookings made less than four weeks before [&hellip;]<\/p>\n","protected":false},"author":4,"featured_media":0,"parent":0,"menu_order":0,"comment_status":"closed","ping_status":"closed","template":"","meta":{"footnotes":""},"class_list":["post-4184","page","type-page","status-publish","hentry"],"yoast_head":"<!-- This site is optimized with the Yoast SEO plugin v25.8 - https:\/\/yoast.com\/wordpress\/plugins\/seo\/ -->\n<title>Infos pratiques - modalit\u00e9s | Mas de l&#039;Hermitage<\/title>\n<meta name=\"description\" content=\"Infos pratiques et modalit\u00e9s : r\u00e9servations, annulations, services et r\u00e8glements pour un s\u00e9jour serein au Mas de l\u2019Hermitage.\" \/>\n<meta name=\"robots\" content=\"index, follow, max-snippet:-1, max-image-preview:large, max-video-preview:-1\" \/>\n<link rel=\"canonical\" href=\"https:\/\/masdelhermitage.fr\/en\/infos-pratiques-modalites\/\" \/>\n<meta property=\"og:locale\" content=\"en_US\" \/>\n<meta property=\"og:type\" content=\"article\" \/>\n<meta property=\"og:title\" content=\"Infos pratiques - modalit\u00e9s | Mas de l&#039;Hermitage\" \/>\n<meta property=\"og:description\" content=\"Infos pratiques et modalit\u00e9s : r\u00e9servations, annulations, services et r\u00e8glements pour un s\u00e9jour serein au Mas de l\u2019Hermitage.\" \/>\n<meta property=\"og:url\" content=\"https:\/\/masdelhermitage.fr\/en\/infos-pratiques-modalites\/\" \/>\n<meta property=\"og:site_name\" content=\"Mas de l&#039;Hermitage\" \/>\n<meta property=\"article:publisher\" content=\"https:\/\/www.facebook.com\/mashermitage\/\" \/>\n<meta property=\"article:modified_time\" content=\"2025-10-20T09:18:43+00:00\" \/>\n<meta property=\"og:image\" content=\"https:\/\/masdelhermitage.fr\/wp-content\/uploads\/2025\/07\/IMG_1398-1.webp\" \/>\n\t<meta property=\"og:image:width\" content=\"1920\" \/>\n\t<meta property=\"og:image:height\" content=\"1280\" \/>\n\t<meta property=\"og:image:type\" content=\"image\/jpeg\" \/>\n<meta name=\"twitter:card\" content=\"summary_large_image\" \/>\n<meta name=\"twitter:label1\" content=\"Est. reading time\" \/>\n\t<meta name=\"twitter:data1\" content=\"3 minutes\" \/>\n<script type=\"application\/ld+json\" class=\"yoast-schema-graph\">{\"@context\":\"https:\/\/schema.org\",\"@graph\":[{\"@type\":\"WebPage\",\"@id\":\"https:\/\/masdelhermitage.fr\/en\/infos-pratiques-modalites\/\",\"url\":\"https:\/\/masdelhermitage.fr\/en\/infos-pratiques-modalites\/\",\"name\":\"Infos pratiques - modalit\u00e9s | Mas de l&#039;Hermitage\",\"isPartOf\":{\"@id\":\"https:\/\/masdelhermitage.fr\/en\/#website\"},\"datePublished\":\"2020-01-23T17:57:35+00:00\",\"dateModified\":\"2025-10-20T09:18:43+00:00\",\"description\":\"Infos pratiques et modalit\u00e9s : r\u00e9servations, annulations, services et r\u00e8glements pour un s\u00e9jour serein au Mas de l\u2019Hermitage.\",\"breadcrumb\":{\"@id\":\"https:\/\/masdelhermitage.fr\/en\/infos-pratiques-modalites\/#breadcrumb\"},\"inLanguage\":\"en-US\",\"potentialAction\":[{\"@type\":\"ReadAction\",\"target\":[\"https:\/\/masdelhermitage.fr\/en\/infos-pratiques-modalites\/\"]}]},{\"@type\":\"BreadcrumbList\",\"@id\":\"https:\/\/masdelhermitage.fr\/en\/infos-pratiques-modalites\/#breadcrumb\",\"itemListElement\":[{\"@type\":\"ListItem\",\"position\":1,\"name\":\"Accueil\",\"item\":\"https:\/\/masdelhermitage.fr\/en\/\"},{\"@type\":\"ListItem\",\"position\":2,\"name\":\"Infos pratiques &#8211; modalit\u00e9s\"}]},{\"@type\":\"WebSite\",\"@id\":\"https:\/\/masdelhermitage.fr\/en\/#website\",\"url\":\"https:\/\/masdelhermitage.fr\/en\/\",\"name\":\"Mas de l'Hermitage\",\"description\":\"Locations saisonni\u00e8res en Bouches-du-Rhone - Arles\",\"publisher\":{\"@id\":\"https:\/\/masdelhermitage.fr\/en\/#organization\"},\"potentialAction\":[{\"@type\":\"SearchAction\",\"target\":{\"@type\":\"EntryPoint\",\"urlTemplate\":\"https:\/\/masdelhermitage.fr\/en\/?s={search_term_string}\"},\"query-input\":{\"@type\":\"PropertyValueSpecification\",\"valueRequired\":true,\"valueName\":\"search_term_string\"}}],\"inLanguage\":\"en-US\"},{\"@type\":\"Organization\",\"@id\":\"https:\/\/masdelhermitage.fr\/en\/#organization\",\"name\":\"Mas de l'Hermitage\",\"url\":\"https:\/\/masdelhermitage.fr\/en\/\",\"logo\":{\"@type\":\"ImageObject\",\"inLanguage\":\"en-US\",\"@id\":\"https:\/\/masdelhermitage.fr\/en\/#\/schema\/logo\/image\/\",\"url\":\"https:\/\/masdelhermitage.fr\/wp-content\/uploads\/2016\/04\/cropped-logo_favicon.png\",\"contentUrl\":\"https:\/\/masdelhermitage.fr\/wp-content\/uploads\/2016\/04\/cropped-logo_favicon.png\",\"width\":512,\"height\":512,\"caption\":\"Mas de l'Hermitage\"},\"image\":{\"@id\":\"https:\/\/masdelhermitage.fr\/en\/#\/schema\/logo\/image\/\"},\"sameAs\":[\"https:\/\/www.facebook.com\/mashermitage\/\",\"https:\/\/www.instagram.com\/masdelhermitage?igsh=MXl1YXF3N2ZzNjJ4\"]}]}<\/script>\n<!-- \/ Yoast SEO plugin. -->","yoast_head_json":{"title":"Infos pratiques - modalit\u00e9s | Mas de l&#039;Hermitage","description":"Infos pratiques et modalit\u00e9s : r\u00e9servations, annulations, services et r\u00e8glements pour un s\u00e9jour serein au Mas de l\u2019Hermitage.","robots":{"index":"index","follow":"follow","max-snippet":"max-snippet:-1","max-image-preview":"max-image-preview:large","max-video-preview":"max-video-preview:-1"},"canonical":"https:\/\/masdelhermitage.fr\/en\/infos-pratiques-modalites\/","og_locale":"en_US","og_type":"article","og_title":"Infos pratiques - modalit\u00e9s | Mas de l&#039;Hermitage","og_description":"Infos pratiques et modalit\u00e9s : r\u00e9servations, annulations, services et r\u00e8glements pour un s\u00e9jour serein au Mas de l\u2019Hermitage.","og_url":"https:\/\/masdelhermitage.fr\/en\/infos-pratiques-modalites\/","og_site_name":"Mas de l&#039;Hermitage","article_publisher":"https:\/\/www.facebook.com\/mashermitage\/","article_modified_time":"2025-10-20T09:18:43+00:00","og_image":[{"width":1920,"height":1280,"url":"https:\/\/masdelhermitage.fr\/wp-content\/uploads\/2025\/07\/IMG_1398-1.webp","type":"image\/jpeg"}],"twitter_card":"summary_large_image","twitter_misc":{"Est. reading time":"3 minutes"},"schema":{"@context":"https:\/\/schema.org","@graph":[{"@type":"WebPage","@id":"https:\/\/masdelhermitage.fr\/en\/infos-pratiques-modalites\/","url":"https:\/\/masdelhermitage.fr\/en\/infos-pratiques-modalites\/","name":"Infos pratiques - modalit\u00e9s | Mas de l&#039;Hermitage","isPartOf":{"@id":"https:\/\/masdelhermitage.fr\/en\/#website"},"datePublished":"2020-01-23T17:57:35+00:00","dateModified":"2025-10-20T09:18:43+00:00","description":"Infos pratiques et modalit\u00e9s : r\u00e9servations, annulations, services et r\u00e8glements pour un s\u00e9jour serein au Mas de l\u2019Hermitage.","breadcrumb":{"@id":"https:\/\/masdelhermitage.fr\/en\/infos-pratiques-modalites\/#breadcrumb"},"inLanguage":"en-US","potentialAction":[{"@type":"ReadAction","target":["https:\/\/masdelhermitage.fr\/en\/infos-pratiques-modalites\/"]}]},{"@type":"BreadcrumbList","@id":"https:\/\/masdelhermitage.fr\/en\/infos-pratiques-modalites\/#breadcrumb","itemListElement":[{"@type":"ListItem","position":1,"name":"Accueil","item":"https:\/\/masdelhermitage.fr\/en\/"},{"@type":"ListItem","position":2,"name":"Infos pratiques &#8211; modalit\u00e9s"}]},{"@type":"WebSite","@id":"https:\/\/masdelhermitage.fr\/en\/#website","url":"https:\/\/masdelhermitage.fr\/en\/","name":"Mas de l'Hermitage","description":"Locations saisonni\u00e8res en Bouches-du-Rhone - Arles","publisher":{"@id":"https:\/\/masdelhermitage.fr\/en\/#organization"},"potentialAction":[{"@type":"SearchAction","target":{"@type":"EntryPoint","urlTemplate":"https:\/\/masdelhermitage.fr\/en\/?s={search_term_string}"},"query-input":{"@type":"PropertyValueSpecification","valueRequired":true,"valueName":"search_term_string"}}],"inLanguage":"en-US"},{"@type":"Organization","@id":"https:\/\/masdelhermitage.fr\/en\/#organization","name":"Mas de l'Hermitage","url":"https:\/\/masdelhermitage.fr\/en\/","logo":{"@type":"ImageObject","inLanguage":"en-US","@id":"https:\/\/masdelhermitage.fr\/en\/#\/schema\/logo\/image\/","url":"https:\/\/masdelhermitage.fr\/wp-content\/uploads\/2016\/04\/cropped-logo_favicon.png","contentUrl":"https:\/\/masdelhermitage.fr\/wp-content\/uploads\/2016\/04\/cropped-logo_favicon.png","width":512,"height":512,"caption":"Mas de l'Hermitage"},"image":{"@id":"https:\/\/masdelhermitage.fr\/en\/#\/schema\/logo\/image\/"},"sameAs":["https:\/\/www.facebook.com\/mashermitage\/","https:\/\/www.instagram.com\/masdelhermitage?igsh=MXl1YXF3N2ZzNjJ4"]}]}},"_links":{"self":[{"href":"https:\/\/masdelhermitage.fr\/en\/wp-json\/wp\/v2\/pages\/4184","targetHints":{"allow":["GET"]}}],"collection":[{"href":"https:\/\/masdelhermitage.fr\/en\/wp-json\/wp\/v2\/pages"}],"about":[{"href":"https:\/\/masdelhermitage.fr\/en\/wp-json\/wp\/v2\/types\/page"}],"author":[{"embeddable":true,"href":"https:\/\/masdelhermitage.fr\/en\/wp-json\/wp\/v2\/users\/4"}],"replies":[{"embeddable":true,"href":"https:\/\/masdelhermitage.fr\/en\/wp-json\/wp\/v2\/comments?post=4184"}],"version-history":[{"count":9,"href":"https:\/\/masdelhermitage.fr\/en\/wp-json\/wp\/v2\/pages\/4184\/revisions"}],"predecessor-version":[{"id":4597,"href":"https:\/\/masdelhermitage.fr\/en\/wp-json\/wp\/v2\/pages\/4184\/revisions\/4597"}],"wp:attachment":[{"href":"https:\/\/masdelhermitage.fr\/en\/wp-json\/wp\/v2\/media?parent=4184"}],"curies":[{"name":"wp","href":"https:\/\/api.w.org\/{rel}","templated":true}]}}